{"id":6537,"date":"2025-01-20T15:18:32","date_gmt":"2025-01-20T20:18:32","guid":{"rendered":"https:\/\/sygnus2.isavailable.online\/nuestra-historia-2\/"},"modified":"2025-05-20T19:47:08","modified_gmt":"2025-05-21T00:47:08","slug":"nuestra-historia-pr","status":"publish","type":"page","link":"https:\/\/sygnusgroup.com\/es\/sygnus-capital-puerto-rico\/nuestra-historia-pr\/","title":{"rendered":"Nuestra historia"},"content":{"rendered":"<div class=\"wpb-content-wrapper\">[vc_row gap=&#8221;35&#8243; css=&#8221;.vc_custom_1740771225078{padding-bottom: 120px !important;}&#8221;][vc_column width=&#8221;1\/3&#8243;][wgl_double_headings css_animation=&#8221;fadeIn&#8221; title_size=&#8221;50px&#8221; title_line_height=&#8221;60px&#8221; title_weight=&#8221;500&#8243; title_color=&#8221;#272226&#8243; subtitle_size=&#8221;18px&#8221; subtitle_line_height=&#8221;18px&#8221; subtitle_color=&#8221;#750218&#8243; title=&#8221;Qui\u00e9nes somos&#8221; subtitle=&#8221;Sygnus Puerto Rico&#8221;][\/vc_column][vc_column width=&#8221;2\/3&#8243;][vc_column_text css=&#8221;&#8221; el_class=&#8221;syg-paragraph&#8221;]Sygnus Capital PR LLC es una empresa de inversiones alternativas y un asesor de inversiones registrado en la SEC centrado en la financiaci\u00f3n de impacto. Nos dedicamos a ofrecer soluciones innovadoras y oportunidades de inversi\u00f3n que impulsan el crecimiento econ\u00f3mico y el impacto social en Puerto Rico, el Caribe y Am\u00e9rica Latina.[\/vc_column_text][\/vc_column][\/vc_row][vc_section full_width=&#8221;stretch_row&#8221; css=&#8221;.vc_custom_1740771018946{padding-top: 100px !important;padding-bottom: 100px !important;background-image: url(https:\/\/sygnusgroup.com\/wp-content\/uploads\/2022\/01\/Sygnus_bg_8.jpg?id=1322) !important;background-position: center !important;background-repeat: no-repeat !important;background-size: cover !important;}&#8221;][vc_row gap=&#8221;35&#8243; equal_height=&#8221;yes&#8221;][vc_column width=&#8221;1\/2&#8243;][wgl_double_headings css_animation=&#8221;fadeIn&#8221; title_size=&#8221;50px&#8221; title_line_height=&#8221;60px&#8221; title_weight=&#8221;500&#8243; title_color=&#8221;#ffffff&#8221; subtitle_size=&#8221;18px&#8221; subtitle_line_height=&#8221;18px&#8221; subtitle_color=&#8221;#ffffff&#8221; title=&#8221;Pioneros en Financiamiento Alternativo&#8221; custom_title_color=&#8221;true&#8221; subtitle=&#8221;Sygnus Group&#8221; custom_subtitle_color=&#8221;true&#8221;][vc_column_text el_class=&#8221;syg-paragraph sp-white&#8221;]<span style=\"color: #ffffff;\">Fundado en 2016, el Grupo Sygnus (o &#8220;Sygnus&#8221;) se ha convertido en la principal empresa de inversi\u00f3n alternativa del Caribe. Dedicada a acelerar el crecimiento en toda la regi\u00f3n, Sygnus satisface las demandas insatisfechas de las empresas mediante soluciones de financiaci\u00f3n innovadoras y oportunidades de inversi\u00f3n alternativas, desempe\u00f1ando un papel fundamental en el desarrollo econ\u00f3mico. <\/span><\/p>\n<p><span style=\"color: #ffffff;\">El Grupo Sygnus es conocido por sus soluciones financieras innovadoras, centradas en el cr\u00e9dito privado, el capital riesgo, el sector inmobiliario, la banca de inversi\u00f3n y la inversi\u00f3n de impacto en m\u00faltiples sectores y regiones.<\/span><\/p>\n<p><span style=\"color: #ffffff;\">Con m\u00e1s de 300 millones de d\u00f3lares en activos gestionados, Sygnus Group sigue configurando el panorama financiero de la regi\u00f3n, desplegando capital en Puerto Rico, Jamaica, Bahamas, Barbados, Aruba y otros pa\u00edses. Tambi\u00e9n somos gestores del Fondo de Resiliencia de la Comunidad del Caribe (CCRF). <\/span>[\/vc_column_text][\/vc_column][vc_column width=&#8221;1\/2&#8243; col_pos_horizont=&#8221;50&#8243; col_pos_vertical=&#8221;50&#8243; css=&#8221;.vc_custom_1742412749944{background-image: url(https:\/\/sygnusgroup.com\/wp-content\/uploads\/2023\/03\/SYGPR-DSC07150-scaled.jpg?id=4016) !important;background-position: center !important;background-repeat: no-repeat !important;background-size: cover !important;}&#8221;][vc_single_image image=&#8221;4016&#8243; img_size=&#8221;full&#8221; alignment=&#8221;center&#8221; el_class=&#8221;invisible&#8221;][\/vc_column][\/vc_row][\/vc_section][vc_section full_width=&#8221;stretch_row&#8221; css=&#8221;.vc_custom_1740771100018{padding-top: 100px !important;padding-bottom: 100px !important;background-color: #f6f4f0 !important;}&#8221;][vc_row gap=&#8221;35&#8243; equal_height=&#8221;yes&#8221;][vc_column width=&#8221;1\/2&#8243; col_pos_horizont=&#8221;50&#8243; col_pos_vertical=&#8221;50&#8243; css=&#8221;.vc_custom_1742585185248{background-image: url(https:\/\/sygnusgroup.com\/wp-content\/uploads\/2025\/03\/ACRECENTPARTY_DSC05402_1000.jpg?id=7003) !important;background-position: center !important;background-repeat: no-repeat !important;background-size: cover !important;}&#8221;][vc_single_image image=&#8221;7003&#8243; img_size=&#8221;full&#8221; alignment=&#8221;center&#8221; el_class=&#8221;invisible&#8221;][\/vc_column][vc_column width=&#8221;1\/2&#8243;][wgl_double_headings css_animation=&#8221;fadeIn&#8221; title_size=&#8221;50px&#8221; title_line_height=&#8221;60px&#8221; title_weight=&#8221;500&#8243; title_color=&#8221;#272226&#8243; subtitle_size=&#8221;18px&#8221; subtitle_line_height=&#8221;18px&#8221; subtitle_color=&#8221;#750218&#8243; title=&#8221;El legado de Acrecent&#8221;][vc_column_text el_class=&#8221;syg-paragraph&#8221;]Sygnus Capital PR LLC se basa en el poder regional del Grupo Sygnus y en el legado de Acrecent Financial Corporation. Fundada en 2003 y adquirida por Sygnus en 2022, Acrecent creci\u00f3 como empresa de financiaci\u00f3n directa en Puerto Rico para abordar un nicho en el mercado financiero local. Con el tiempo, Acrecent ampli\u00f3 su alcance y reputaci\u00f3n en toda la regi\u00f3n, posicion\u00e1ndose como empresa l\u00edder de cr\u00e9dito privado y financiaci\u00f3n de equipos. Con m\u00e1s de 20 a\u00f1os arraigado en el mercado puertorrique\u00f1o, el equipo detr\u00e1s de Acrecent desarroll\u00f3 una s\u00f3lida trayectoria, completando numerosas transacciones de \u00e9xito que dieron forma al ecosistema empresarial y de financiaci\u00f3n alternativa de Puerto Rico.[\/vc_column_text][\/vc_column][\/vc_row][\/vc_section][vc_row gap=&#8221;35&#8243; css=&#8221;.vc_custom_1740772175552{padding-top: 80px !important;padding-bottom: 80px !important;}&#8221;][vc_column width=&#8221;1\/3&#8243;][wgl_double_headings css_animation=&#8221;fadeIn&#8221; title_size=&#8221;50px&#8221; title_line_height=&#8221;60px&#8221; title_weight=&#8221;500&#8243; title_color=&#8221;#272226&#8243; subtitle_color=&#8221;#750218&#8243; title=&#8221;Acelerar el crecimiento econ\u00f3mico&#8221;][\/vc_column][vc_column width=&#8221;2\/3&#8243;][vc_column_text el_class=&#8221;syg-paragraph&#8221;]Como parte plenamente integrada del Grupo Sygnus, nuestro equipo de Puerto Rico se ha convertido en una piedra angular de la estrategia de la empresa para expandirse por el Caribe, guiado por nuestros principios de Innovaci\u00f3n, Independencia e Integridad e impulsado por nuestros valores de Profesionalidad, Responsabilidad, Colaboraci\u00f3n e Integridad.<\/p>\n<p>Apoyando el futuro de Puerto Rico, Sygnus est\u00e1 creando asociaciones tanto con la comunidad empresarial como con nuestros inversores, impulsando el crecimiento, la innovaci\u00f3n y el \u00e9xito en la regi\u00f3n. Nuestros servicios est\u00e1n dise\u00f1ados para satisfacer las necesidades \u00fanicas de las empresas, cerrando la brecha de capital que las instituciones bancarias tradicionales a menudo pasan por alto. Sygnus Capital PR LLC se centra en marcar la diferencia y apoyar el desarrollo y el crecimiento de nuestra comunidad empresarial.[\/vc_column_text][\/vc_column][\/vc_row][vc_section disable_element=&#8221;yes&#8221;][vc_row css=&#8221;.vc_custom_1656088971698{padding-top: 30px !important;}&#8221;][vc_column][wgl_double_headings align=&#8221;center&#8221; title_size=&#8221;46px&#8221; title_line_height=&#8221;46px&#8221; title_weight=&#8221;700&#8243; title_color=&#8221;#272226&#8243; subtitle_size=&#8221;18px&#8221; subtitle_line_height=&#8221;18px&#8221; subtitle_color=&#8221;#750218&#8243; title=&#8221;Nuestras empresas&#8221; subtitle=&#8221;Sygnus Group&#8221;][\/vc_column][\/vc_row][vc_row full_width=&#8221;stretch_row_content&#8221; css=&#8221;.vc_custom_1737404159236{margin-top: 50px !important;padding-bottom: 160px !important;}&#8221;][vc_column width=&#8221;1\/4&#8243;][wgl_flip_box front_bg_style=&#8221;front_image&#8221; add_back_logo_image=&#8221;&#8221; read_more_text=&#8221;Learn More&#8221; button_icon_fontawesome=&#8221;fas fa-angle-right&#8221; button_icon_position=&#8221;right&#8221; add_read_more=&#8221;true&#8221; add_icon_button=&#8221;true&#8221; front_title=&#8221;Sygnus Credit Investments&#8221; front_bg_image=&#8221;3200&#8243; link=&#8221;url:https%3A%2F%2Fsygnusgroup.com%2Fsygnus-credit-investments%2F|title:Sygnus%20Credit%20Investments&#8221; back_title=&#8221;Private Credit&#8221;][\/vc_column][vc_column width=&#8221;1\/4&#8243;][wgl_flip_box front_bg_style=&#8221;front_image&#8221; add_back_logo_image=&#8221;&#8221; read_more_text=&#8221;Learn More&#8221; button_icon_fontawesome=&#8221;fas fa-angle-right&#8221; button_icon_position=&#8221;right&#8221; add_read_more=&#8221;true&#8221; add_icon_button=&#8221;true&#8221; front_title=&#8221;Sygnus Real Estate Finance&#8221; front_bg_image=&#8221;1300&#8243; link=&#8221;url:https%3A%2F%2Fsygnusgroup.com%2Fsygnus-real-estate-finance%2F|title:Our%20People&#8221; back_title=&#8221;Real Estate&#8221;][\/vc_column][vc_column width=&#8221;1\/4&#8243;][wgl_flip_box front_bg_style=&#8221;front_image&#8221; add_back_logo_image=&#8221;&#8221; read_more_text=&#8221;Learn More&#8221; button_icon_fontawesome=&#8221;fas fa-angle-right&#8221; button_icon_position=&#8221;right&#8221; add_read_more=&#8221;true&#8221; add_icon_button=&#8221;true&#8221; front_title=&#8221;Sygnus Deneb&#8221; front_bg_image=&#8221;2048&#8243; back_title=&#8221;Private Equity&#8221; link=&#8221;url:https%3A%2F%2Fsygnusgroup.com%2Fsygnus-deneb%2F|title:Sygnus%20Deneb&#8221;][\/vc_column][vc_column width=&#8221;1\/4&#8243;][wgl_flip_box front_bg_style=&#8221;front_image&#8221; add_back_logo_image=&#8221;&#8221; read_more_text=&#8221;Learn More&#8221; button_icon_fontawesome=&#8221;fas fa-angle-right&#8221; button_icon_position=&#8221;right&#8221; add_read_more=&#8221;true&#8221; add_icon_button=&#8221;true&#8221; front_title=&#8221;Sygnus Real Estate Finance&#8221; front_bg_image=&#8221;1300&#8243; link=&#8221;url:https%3A%2F%2Fsygnusgroup.com%2Fsygnus-real-estate-finance%2F|title:Our%20People&#8221; back_title=&#8221;Real Estate&#8221;][\/vc_column][\/vc_row][vc_row][vc_column][wgl_double_headings align=&#8221;center&#8221; title_size=&#8221;46px&#8221; title_line_height=&#8221;46px&#8221; title_weight=&#8221;700&#8243; title_color=&#8221;#272226&#8243; subtitle_size=&#8221;18px&#8221; subtitle_line_height=&#8221;18px&#8221; subtitle_color=&#8221;#750218&#8243; title=&#8221;Consejo de Administraci\u00f3n&#8221; subtitle=&#8221;Sygnus Capital Limited&#8221;][\/vc_column][\/vc_row][vc_row css=&#8221;.vc_custom_1739992646955{margin-top: 50px !important;}&#8221;][vc_column]\n\t\t<div  class=\"wgl_module_team team-col_3 acenter\">\n\t\t\t<div class=\"team-items_wrap clearfix\"  style=\"margin-right:-15px; margin-left:-15px;\">\n\t\t\t\t[wgl_carousel slide_to_show=\"3\" autoplay=\"\" autoplay_speed=\"3000\" use_pagination=\"\" pag_type=\"circle\" pag_offset=\"\" custom_pag_color=\"\" pag_color=\"#750218\" use_prev_next=\"true\" custom_buttons_color=\"\" buttons_color=\"#750218\" custom_resp=\"\" resp_medium=\"1025\" resp_medium_slides=\"\" resp_tablets=\"800\" resp_tablets_slides=\"\" resp_mobile=\"480\" resp_mobile_slides=\"\" infinite=\"\" slides_to_scroll=\"true\" ]<div class=\"team-item\" style=\"padding-right:15px; padding-left:15px;  padding-bottom:30px;\"><div class=\"team-item_content\"><div class=\"team-image\"><a href=\"https:\/\/sygnusgroup.com\/es\/teames\/james-connor\/\"><img decoding=\"async\" data-src=\"https:\/\/sygnusgroup.com\/wp-content\/uploads\/2025\/01\/Sygnus-PR-Team_James-Connor-740x780.jpg\" alt=\"\" src=\"data:image\/gif;base64,R0lGODlhAQABAAAAACH5BAEKAAEALAAAAAABAAEAAAICTAEAOw==\" class=\"lazyload\" style=\"--smush-placeholder-width: 740px; --smush-placeholder-aspect-ratio: 740\/780;\" \/><\/a><\/div><div class=\"team-item_info\"><div class=\"team-item_titles\"><h4 class=\"team-title\"><a href=\"https:\/\/sygnusgroup.com\/es\/teames\/james-connor\/\">James Connor<\/a><\/h4><div class=\"team-department\">Director Ejecutivo<\/div><\/div><\/div><\/div><\/div><div class=\"team-item\" style=\"padding-right:15px; padding-left:15px;  padding-bottom:30px;\"><div class=\"team-item_content\"><div class=\"team-image\"><a href=\"https:\/\/sygnusgroup.com\/es\/teames\/raul-cacho-perez\/\"><img decoding=\"async\" data-src=\"https:\/\/sygnusgroup.com\/wp-content\/uploads\/2025\/01\/Sygnus-PR-Team_Raul-Cacho-Perez-740x780.jpg\" alt=\"\" src=\"data:image\/gif;base64,R0lGODlhAQABAAAAACH5BAEKAAEALAAAAAABAAEAAAICTAEAOw==\" class=\"lazyload\" style=\"--smush-placeholder-width: 740px; --smush-placeholder-aspect-ratio: 740\/780;\" \/><\/a><\/div><div class=\"team-item_info\"><div class=\"team-item_titles\"><h4 class=\"team-title\"><a href=\"https:\/\/sygnusgroup.com\/es\/teames\/raul-cacho-perez\/\">Ra\u00fal Cacho P\u00e9rez<\/a><\/h4><div class=\"team-department\">Jefe de Inversiones en Cr\u00e9dito Privado<\/div><\/div><\/div><\/div><\/div><div class=\"team-item\" style=\"padding-right:15px; padding-left:15px;  padding-bottom:30px;\"><div class=\"team-item_content\"><div class=\"team-image\"><a href=\"https:\/\/sygnusgroup.com\/es\/teames\/pablo-penaloza-grajales\/\"><img decoding=\"async\" data-src=\"https:\/\/sygnusgroup.com\/wp-content\/uploads\/2025\/01\/Sygnus-PR-Team_Pablo-Penaloza-Grajales-740x780.jpg\" alt=\"\" src=\"data:image\/gif;base64,R0lGODlhAQABAAAAACH5BAEKAAEALAAAAAABAAEAAAICTAEAOw==\" class=\"lazyload\" style=\"--smush-placeholder-width: 740px; --smush-placeholder-aspect-ratio: 740\/780;\" \/><\/a><\/div><div class=\"team-item_info\"><div class=\"team-item_titles\"><h4 class=\"team-title\"><a href=\"https:\/\/sygnusgroup.com\/es\/teames\/pablo-penaloza-grajales\/\">Pablo Pe\u00f1aloza Grajales<\/a><\/h4><div class=\"team-department\">Director de Operaciones<\/div><\/div><\/div><\/div><\/div><div class=\"team-item\" style=\"padding-right:15px; padding-left:15px;  padding-bottom:30px;\"><div class=\"team-item_content\"><div class=\"team-image\"><a href=\"https:\/\/sygnusgroup.com\/es\/teames\/keishmarie-melendez-gonzalez\/\"><img decoding=\"async\" data-src=\"https:\/\/sygnusgroup.com\/wp-content\/uploads\/2025\/01\/Sygnus-PR-Team_Keishmarie-Melendez-740x780.jpg\" alt=\"\" src=\"data:image\/gif;base64,R0lGODlhAQABAAAAACH5BAEKAAEALAAAAAABAAEAAAICTAEAOw==\" class=\"lazyload\" style=\"--smush-placeholder-width: 740px; --smush-placeholder-aspect-ratio: 740\/780;\" \/><\/a><\/div><div class=\"team-item_info\"><div class=\"team-item_titles\"><h4 class=\"team-title\"><a href=\"https:\/\/sygnusgroup.com\/es\/teames\/keishmarie-melendez-gonzalez\/\">Keishmarie Melendez Gonz\u00e1lez<\/a><\/h4><div class=\"team-department\">Director de Gesti\u00f3n de Fondos<\/div><\/div><\/div><\/div><\/div><div class=\"team-item\" style=\"padding-right:15px; padding-left:15px;  padding-bottom:30px;\"><div class=\"team-item_content\"><div class=\"team-image\"><a href=\"https:\/\/sygnusgroup.com\/es\/teames\/jesus-daniel-mattei\/\"><img decoding=\"async\" data-src=\"https:\/\/sygnusgroup.com\/wp-content\/uploads\/2025\/01\/Sygnus-PR-Team_Jesus-Daniel-Mattei-740x780.jpg\" alt=\"\" src=\"data:image\/gif;base64,R0lGODlhAQABAAAAACH5BAEKAAEALAAAAAABAAEAAAICTAEAOw==\" class=\"lazyload\" style=\"--smush-placeholder-width: 740px; --smush-placeholder-aspect-ratio: 740\/780;\" \/><\/a><\/div><div class=\"team-item_info\"><div class=\"team-item_titles\"><h4 class=\"team-title\"><a href=\"https:\/\/sygnusgroup.com\/es\/teames\/jesus-daniel-mattei\/\">Jes\u00fas Daniel Mattei<\/a><\/h4><div class=\"team-department\">Vicepresidente<\/div><\/div><\/div><\/div><\/div>[\/wgl_carousel]\t\t\t<\/div>\n\t\t<\/div>\n\n\t\t[vc_raw_js]JTNDc2NyaXB0JTNFJTIwJTBBalF1ZXJ5JTI4JTIyLnRlYW0taXRlbXNfd3JhcCUyMC50ZWFtLWl0ZW0lM0FudGgtY2hpbGQlMjgyJTI5JTIwLnRlYW0tZGVwYXJ0bWVudCUyMiUyOS5hcHBlbmQlMjglMjIlM0NiciUzRUNoaWVmJTIwT3BlcmF0aW5nJTIwT2ZmaWNlciUyMiUyOSUzQiUwQWpRdWVyeSUyOCUyMi50ZWFtLWl0ZW1zX3dyYXAlMjAudGVhbS1pdGVtJTNBbnRoLWNoaWxkJTI4MyUyOSUyMC50ZWFtLWRlcGFydG1lbnQlMjIlMjkuYXBwZW5kJTI4JTIyJTNDYnIlM0VDaGllZiUyMEludmVzdG1lbnQlMjBPZmZpY2VyJTIyJTI5JTNCJTBBJTNDJTJGc2NyaXB0JTNF[\/vc_raw_js][\/vc_column][\/vc_row][\/vc_section]\n<\/div>","protected":false},"excerpt":{"rendered":"<p>[vc_row gap=&#8221;35&#8243; css=&#8221;.vc_custom_1740771225078{padding-bottom: 120px !important;}&#8221;][vc_column width=&#8221;1\/3&#8243;][wgl_double_headings css_animation=&#8221;fadeIn&#8221; title_size=&#8221;50px&#8221; title_line_height=&#8221;60px&#8221; title_weight=&#8221;500&#8243; title_color=&#8221;#272226&#8243; subtitle_size=&#8221;18px&#8221; subtitle_line_height=&#8221;18px&#8221; subtitle_color=&#8221;#750218&#8243; title=&#8221;Qui\u00e9nes somos&#8221; subtitle=&#8221;Sygnus Puerto Rico&#8221;][\/vc_column][vc_column width=&#8221;2\/3&#8243;][vc_column_text css=&#8221;&#8221; el_class=&#8221;syg-paragraph&#8221;]Sygnus Capital PR LLC es una empresa de inversiones alternativas y un asesor de inversiones registrado en la SEC centrado en la financiaci\u00f3n de impacto. Nos dedicamos a ofrecer soluciones innovadoras y oportunidades de [&hellip;]<\/p>\n","protected":false},"author":1,"featured_media":0,"parent":6543,"menu_order":0,"comment_status":"closed","ping_status":"closed","template":"","meta":{"footnotes":""},"class_list":["post-6537","page","type-page","status-publish","hentry"],"aioseo_notices":[],"_links":{"self":[{"href":"https:\/\/sygnusgroup.com\/es\/wp-json\/wp\/v2\/pages\/6537","targetHints":{"allow":["GET"]}}],"collection":[{"href":"https:\/\/sygnusgroup.com\/es\/wp-json\/wp\/v2\/pages"}],"about":[{"href":"https:\/\/sygnusgroup.com\/es\/wp-json\/wp\/v2\/types\/page"}],"author":[{"embeddable":true,"href":"https:\/\/sygnusgroup.com\/es\/wp-json\/wp\/v2\/users\/1"}],"replies":[{"embeddable":true,"href":"https:\/\/sygnusgroup.com\/es\/wp-json\/wp\/v2\/comments?post=6537"}],"version-history":[{"count":16,"href":"https:\/\/sygnusgroup.com\/es\/wp-json\/wp\/v2\/pages\/6537\/revisions"}],"predecessor-version":[{"id":7412,"href":"https:\/\/sygnusgroup.com\/es\/wp-json\/wp\/v2\/pages\/6537\/revisions\/7412"}],"up":[{"embeddable":true,"href":"https:\/\/sygnusgroup.com\/es\/wp-json\/wp\/v2\/pages\/6543"}],"wp:attachment":[{"href":"https:\/\/sygnusgroup.com\/es\/wp-json\/wp\/v2\/media?parent=6537"}],"curies":[{"name":"wp","href":"https:\/\/api.w.org\/{rel}","templated":true}]}}