{"id":6545,"date":"2025-01-21T15:07:18","date_gmt":"2025-01-21T20:07:18","guid":{"rendered":"https:\/\/sygnus2.isavailable.online\/nuestros-fondos\/"},"modified":"2025-05-20T22:30:47","modified_gmt":"2025-05-21T03:30:47","slug":"nuestros-fondos","status":"publish","type":"page","link":"https:\/\/sygnusgroup.com\/es\/sygnus-capital-puerto-rico\/nuestros-fondos\/","title":{"rendered":"Nuestros fondos"},"content":{"rendered":"<div class=\"wpb-content-wrapper\">[vc_section css=&#8221;.vc_custom_1741361141309{padding-bottom: 120px !important;}&#8221;][vc_row css=&#8221;.vc_custom_1741361123947{padding-bottom: 50px !important;}&#8221;][vc_column width=&#8221;1\/6&#8243;][\/vc_column][vc_column width=&#8221;2\/3&#8243;][wgl_double_headings align=&#8221;center&#8221; css_animation=&#8221;fadeIn&#8221; title_size=&#8221;50px&#8221; title_line_height=&#8221;60px&#8221; title_weight=&#8221;500&#8243; title_color=&#8221;#272226&#8243; subtitle_size=&#8221;18px&#8221; subtitle_line_height=&#8221;18px&#8221; subtitle_color=&#8221;#750218&#8243; title=&#8221;Nuestros fondos de inversi\u00f3n&#8221;][vc_column_text css=&#8221;.vc_custom_1737409869165{margin-top: 30px !important;}&#8221;]\n<p style=\"text-align: center;\">Sygnus Capital PR, LLC act\u00faa como socio general de un conjunto de fondos de inversi\u00f3n alternativos, gestion\u00e1ndolos para proporcionar a las empresas el capital que necesitan para crecer y a los inversores una ejecuci\u00f3n disciplinada e inversiones espec\u00edficas. Centrados en ofrecer rendimientos estables y ajustados al riesgo, nuestros fondos pretenden desempe\u00f1ar un papel fundamental en el impulso del crecimiento econ\u00f3mico en Puerto Rico y el Caribe, apoyando una cartera de inversiones actual que supera los 100 millones de d\u00f3lares.<\/p>\n[\/vc_column_text][\/vc_column][vc_column width=&#8221;1\/6&#8243;][\/vc_column][\/vc_row][vc_row][vc_column width=&#8221;1\/2&#8243;][wgl_flip_box front_bg_style=&#8221;front_image&#8221; add_back_logo_image=&#8221;&#8221; read_more_text=&#8221;Aprende m\u00e1s&#8221; button_icon_fontawesome=&#8221;fas fa-angle-right&#8221; button_icon_position=&#8221;right&#8221; add_read_more=&#8221;true&#8221; front_title=&#8221;Cr\u00e9dito privado&#8221; front_bg_image=&#8221;7309&#8243; link=&#8221;url:https%3A%2F%2Fsygnusgroup.com%2Fpr%2Fprivate-credit-fund%2F&#8221; add_icon_button=&#8221;true&#8221;][wgl_spacing spacer_size=&#8221;30px&#8221;][\/vc_column][vc_column width=&#8221;1\/2&#8243;][wgl_flip_box front_bg_style=&#8221;front_image&#8221; add_back_logo_image=&#8221;&#8221; read_more_text=&#8221;Aprende m\u00e1s&#8221; button_icon_fontawesome=&#8221;fas fa-angle-right&#8221; button_icon_position=&#8221;right&#8221; add_read_more=&#8221;true&#8221; add_icon_button=&#8221;true&#8221; front_title=&#8221;Fondos de impacto&#8221; front_bg_image=&#8221;7311&#8243; link=&#8221;url:https%3A%2F%2Fsygnusgroup.com%2Fpr%2Fimpact-funds%2F&#8221;][wgl_spacing spacer_size=&#8221;30px&#8221;][\/vc_column][\/vc_row][\/vc_section][vc_row disable_element=&#8221;yes&#8221; css=&#8221;.vc_custom_1741358339447{padding-bottom: 100px !important;}&#8221;][vc_column width=&#8221;1\/4&#8243;][wgl_double_headings css_animation=&#8221;fadeIn&#8221; title_size=&#8221;25px&#8221; title_line_height=&#8221;32px&#8221; title_weight=&#8221;500&#8243; title_color=&#8221;#272226&#8243; subtitle_size=&#8221;18px&#8221; subtitle_line_height=&#8221;18px&#8221; subtitle_color=&#8221;#750218&#8243; title=&#8221;Fondo Sygnus Credit Investments Puerto Rico&#8221; subtitle=&#8221;1&#8243;][\/vc_column][vc_column width=&#8221;1\/4&#8243;][wgl_double_headings css_animation=&#8221;fadeIn&#8221; title_size=&#8221;25px&#8221; title_line_height=&#8221;32px&#8221; title_weight=&#8221;500&#8243; title_color=&#8221;#272226&#8243; subtitle_size=&#8221;18px&#8221; subtitle_line_height=&#8221;18px&#8221; subtitle_color=&#8221;#750218&#8243; title=&#8221;Fondo de Impacto Empresarial LIFT Puerto Rico&#8221; subtitle=&#8221;2&#8243;][\/vc_column][vc_column width=&#8221;1\/4&#8243;][wgl_double_headings css_animation=&#8221;fadeIn&#8221; title_size=&#8221;25px&#8221; title_line_height=&#8221;32px&#8221; title_weight=&#8221;500&#8243; title_color=&#8221;#272226&#8243; subtitle_size=&#8221;18px&#8221; subtitle_line_height=&#8221;18px&#8221; subtitle_color=&#8221;#750218&#8243; title=&#8221;LIFT II Fondo Empresarial de Puerto Rico&#8221; subtitle=&#8221;3&#8243;][\/vc_column][vc_column width=&#8221;1\/4&#8243;][wgl_double_headings css_animation=&#8221;fadeIn&#8221; title_size=&#8221;25px&#8221; title_line_height=&#8221;32px&#8221; title_weight=&#8221;500&#8243; title_color=&#8221;#272226&#8243; subtitle_size=&#8221;18px&#8221; subtitle_line_height=&#8221;18px&#8221; subtitle_color=&#8221;#750218&#8243; title=&#8221;Fondo Acrecent Finance Partner&#8221; subtitle=&#8221;4&#8243;][\/vc_column][\/vc_row][vc_row disable_element=&#8221;yes&#8221; css=&#8221;.vc_custom_1741358346970{padding-bottom: 100px !important;}&#8221;][vc_column][vc_column_text css=&#8221;.vc_custom_1737489741457{margin-top: 30px !important;}&#8221; el_class=&#8221;disclaimer&#8221;]<span style=\"color: #808080;\">Descargo de responsabilidad:<\/span><\/p>\n<p><span style=\"color: #808080;\">Esto no es una oferta. Sygnus Capital Puerto Rico, LLC ofrece estos fondos exclusivamente a inversores acreditados. Cualquier inversi\u00f3n potencial [and access] est\u00e1 sujeta a la recepci\u00f3n y revisi\u00f3n de los documentos de la oferta, que describen los riesgos espec\u00edficos y las condiciones asociadas a las oportunidades de inversi\u00f3n. <\/span>[\/vc_column_text][\/vc_column][\/vc_row][vc_section full_width=&#8221;stretch_row&#8221; css=&#8221;.vc_custom_1741359347853{padding-top: 100px !important;padding-bottom: 100px !important;background-color: #f6f4f0 !important;}&#8221;][vc_row][vc_column width=&#8221;1\/12&#8243;][\/vc_column][vc_column width=&#8221;10\/12&#8243;][wgl_double_headings align=&#8221;center&#8221; css_animation=&#8221;fadeIn&#8221; title_size=&#8221;50px&#8221; title_line_height=&#8221;60px&#8221; title_weight=&#8221;500&#8243; title_color=&#8221;#272226&#8243; subtitle_size=&#8221;18px&#8221; subtitle_line_height=&#8221;18px&#8221; subtitle_color=&#8221;#750218&#8243; title=&#8221;\u00bfPor qu\u00e9 invertir con Sygnus Capital Puerto Rico?&#8221;][vc_column_text css=&#8221;.vc_custom_1737488802657{margin-top: 30px !important;}&#8221;]\n<p style=\"text-align: center;\">Sygnus Capital PR es un asesor de inversiones registrado en la SEC&nbsp;con sede en Puerto Rico que se dedica a la b\u00fasqueda, evaluaci\u00f3n de riesgos, fijaci\u00f3n de precios, estructuraci\u00f3n, negociaci\u00f3n y cierre de oportunidades de inversi\u00f3n en&nbsp;, as\u00ed como a la gesti\u00f3n de fondos&nbsp;.<\/p>\n[\/vc_column_text][\/vc_column][vc_column width=&#8221;1\/12&#8243;][\/vc_column][\/vc_row][vc_row css=&#8221;.vc_custom_1741361175250{padding-top: 50px !important;}&#8221;][vc_column width=&#8221;1\/3&#8243;][wgl_info_box ib_type=&#8221;tile&#8221; shadow_style=&#8221;before_hover&#8221; icon_type=&#8221;none&#8221; add_shadow=&#8221;true&#8221; ib_title=&#8221;Experiencia comprobada&#8221; ib_content=&#8221;Una plataforma de inversi\u00f3n crediticia confiable con alcance regional.&#8221;][wgl_spacing spacer_size=&#8221;30px&#8221;][\/vc_column][vc_column width=&#8221;1\/3&#8243;][wgl_info_box ib_type=&#8221;tile&#8221; shadow_style=&#8221;before_hover&#8221; icon_type=&#8221;none&#8221; add_shadow=&#8221;true&#8221; ib_title=&#8221;Gesti\u00f3n experimentada&#8221; ib_content=&#8221;Un equipo ejecutivo con sede en Puerto Rico con m\u00e1s de 20 a\u00f1os de experiencia.&#8221;][wgl_spacing spacer_size=&#8221;30px&#8221;][\/vc_column][vc_column width=&#8221;1\/3&#8243;][wgl_info_box ib_type=&#8221;tile&#8221; shadow_style=&#8221;before_hover&#8221; icon_type=&#8221;none&#8221; add_shadow=&#8221;true&#8221; ib_title=&#8221;Ejecuci\u00f3n disciplinada&#8221; ib_content=&#8221;Un historial de inversiones disciplinadas y fuertes rendimientos.&#8221;][\/vc_column][\/vc_row][\/vc_section][vc_section disable_element=&#8221;yes&#8221;][vc_row][vc_column][wgl_double_headings align=&#8221;center&#8221; title_size=&#8221;46px&#8221; title_line_height=&#8221;46px&#8221; title_weight=&#8221;700&#8243; title_color=&#8221;#272226&#8243; subtitle_size=&#8221;18px&#8221; subtitle_line_height=&#8221;18px&#8221; subtitle_color=&#8221;#750218&#8243; title=&#8221;Consejo de Administraci\u00f3n&#8221; subtitle=&#8221;Sygnus Capital Limited&#8221;][\/vc_column][\/vc_row][vc_row css=&#8221;.vc_custom_1737404304046{margin-top: 50px !important;}&#8221;][vc_column]\n\t\t<div  class=\"wgl_module_team team-col_3 acenter\">\n\t\t\t<div class=\"team-items_wrap clearfix\"  style=\"margin-right:-15px; margin-left:-15px;\">\n\t\t\t\t[wgl_carousel slide_to_show=\"3\" autoplay=\"\" autoplay_speed=\"3000\" use_pagination=\"\" pag_type=\"circle\" pag_offset=\"\" custom_pag_color=\"\" pag_color=\"#750218\" use_prev_next=\"true\" custom_buttons_color=\"\" buttons_color=\"#750218\" custom_resp=\"\" resp_medium=\"1025\" resp_medium_slides=\"\" resp_tablets=\"800\" resp_tablets_slides=\"\" resp_mobile=\"480\" resp_mobile_slides=\"\" infinite=\"\" slides_to_scroll=\"true\" ]<div class=\"team-item\" style=\"padding-right:15px; padding-left:15px;  padding-bottom:30px;\"><div class=\"team-item_content\"><div class=\"team-image\"><a href=\"https:\/\/sygnusgroup.com\/es\/teames\/james-connor\/\"><img decoding=\"async\" data-src=\"https:\/\/sygnusgroup.com\/wp-content\/uploads\/2025\/01\/Sygnus-PR-Team_James-Connor-740x780.jpg\" alt=\"\" src=\"data:image\/gif;base64,R0lGODlhAQABAAAAACH5BAEKAAEALAAAAAABAAEAAAICTAEAOw==\" class=\"lazyload\" style=\"--smush-placeholder-width: 740px; --smush-placeholder-aspect-ratio: 740\/780;\" \/><\/a><\/div><div class=\"team-item_info\"><div class=\"team-item_titles\"><h4 class=\"team-title\"><a href=\"https:\/\/sygnusgroup.com\/es\/teames\/james-connor\/\">James Connor<\/a><\/h4><div class=\"team-department\">Director Ejecutivo<\/div><\/div><\/div><\/div><\/div><div class=\"team-item\" style=\"padding-right:15px; padding-left:15px;  padding-bottom:30px;\"><div class=\"team-item_content\"><div class=\"team-image\"><a href=\"https:\/\/sygnusgroup.com\/es\/teames\/raul-cacho-perez\/\"><img decoding=\"async\" data-src=\"https:\/\/sygnusgroup.com\/wp-content\/uploads\/2025\/01\/Sygnus-PR-Team_Raul-Cacho-Perez-740x780.jpg\" alt=\"\" src=\"data:image\/gif;base64,R0lGODlhAQABAAAAACH5BAEKAAEALAAAAAABAAEAAAICTAEAOw==\" class=\"lazyload\" style=\"--smush-placeholder-width: 740px; --smush-placeholder-aspect-ratio: 740\/780;\" \/><\/a><\/div><div class=\"team-item_info\"><div class=\"team-item_titles\"><h4 class=\"team-title\"><a href=\"https:\/\/sygnusgroup.com\/es\/teames\/raul-cacho-perez\/\">Ra\u00fal Cacho P\u00e9rez<\/a><\/h4><div class=\"team-department\">Jefe de Inversiones en Cr\u00e9dito Privado<\/div><\/div><\/div><\/div><\/div><div class=\"team-item\" style=\"padding-right:15px; padding-left:15px;  padding-bottom:30px;\"><div class=\"team-item_content\"><div class=\"team-image\"><a href=\"https:\/\/sygnusgroup.com\/es\/teames\/pablo-penaloza-grajales\/\"><img decoding=\"async\" data-src=\"https:\/\/sygnusgroup.com\/wp-content\/uploads\/2025\/01\/Sygnus-PR-Team_Pablo-Penaloza-Grajales-740x780.jpg\" alt=\"\" src=\"data:image\/gif;base64,R0lGODlhAQABAAAAACH5BAEKAAEALAAAAAABAAEAAAICTAEAOw==\" class=\"lazyload\" style=\"--smush-placeholder-width: 740px; --smush-placeholder-aspect-ratio: 740\/780;\" \/><\/a><\/div><div class=\"team-item_info\"><div class=\"team-item_titles\"><h4 class=\"team-title\"><a href=\"https:\/\/sygnusgroup.com\/es\/teames\/pablo-penaloza-grajales\/\">Pablo Pe\u00f1aloza Grajales<\/a><\/h4><div class=\"team-department\">Director de Operaciones<\/div><\/div><\/div><\/div><\/div><div class=\"team-item\" style=\"padding-right:15px; padding-left:15px;  padding-bottom:30px;\"><div class=\"team-item_content\"><div class=\"team-image\"><a href=\"https:\/\/sygnusgroup.com\/es\/teames\/keishmarie-melendez-gonzalez\/\"><img decoding=\"async\" data-src=\"https:\/\/sygnusgroup.com\/wp-content\/uploads\/2025\/01\/Sygnus-PR-Team_Keishmarie-Melendez-740x780.jpg\" alt=\"\" src=\"data:image\/gif;base64,R0lGODlhAQABAAAAACH5BAEKAAEALAAAAAABAAEAAAICTAEAOw==\" class=\"lazyload\" style=\"--smush-placeholder-width: 740px; --smush-placeholder-aspect-ratio: 740\/780;\" \/><\/a><\/div><div class=\"team-item_info\"><div class=\"team-item_titles\"><h4 class=\"team-title\"><a href=\"https:\/\/sygnusgroup.com\/es\/teames\/keishmarie-melendez-gonzalez\/\">Keishmarie Melendez Gonz\u00e1lez<\/a><\/h4><div class=\"team-department\">Director de Gesti\u00f3n de Fondos<\/div><\/div><\/div><\/div><\/div><div class=\"team-item\" style=\"padding-right:15px; padding-left:15px;  padding-bottom:30px;\"><div class=\"team-item_content\"><div class=\"team-image\"><a href=\"https:\/\/sygnusgroup.com\/es\/teames\/jesus-daniel-mattei\/\"><img decoding=\"async\" data-src=\"https:\/\/sygnusgroup.com\/wp-content\/uploads\/2025\/01\/Sygnus-PR-Team_Jesus-Daniel-Mattei-740x780.jpg\" alt=\"\" src=\"data:image\/gif;base64,R0lGODlhAQABAAAAACH5BAEKAAEALAAAAAABAAEAAAICTAEAOw==\" class=\"lazyload\" style=\"--smush-placeholder-width: 740px; --smush-placeholder-aspect-ratio: 740\/780;\" \/><\/a><\/div><div class=\"team-item_info\"><div class=\"team-item_titles\"><h4 class=\"team-title\"><a href=\"https:\/\/sygnusgroup.com\/es\/teames\/jesus-daniel-mattei\/\">Jes\u00fas Daniel Mattei<\/a><\/h4><div class=\"team-department\">Vicepresidente<\/div><\/div><\/div><\/div><\/div>[\/wgl_carousel]\t\t\t<\/div>\n\t\t<\/div>\n\n\t\t[vc_raw_js]JTNDc2NyaXB0JTNFJTIwJTBBalF1ZXJ5JTI4JTIyLnRlYW0taXRlbXNfd3JhcCUyMC50ZWFtLWl0ZW0lM0FudGgtY2hpbGQlMjgyJTI5JTIwLnRlYW0tZGVwYXJ0bWVudCUyMiUyOS5hcHBlbmQlMjglMjIlM0NiciUzRUNoaWVmJTIwT3BlcmF0aW5nJTIwT2ZmaWNlciUyMiUyOSUzQiUwQWpRdWVyeSUyOCUyMi50ZWFtLWl0ZW1zX3dyYXAlMjAudGVhbS1pdGVtJTNBbnRoLWNoaWxkJTI4MyUyOSUyMC50ZWFtLWRlcGFydG1lbnQlMjIlMjkuYXBwZW5kJTI4JTIyJTNDYnIlM0VDaGllZiUyMEludmVzdG1lbnQlMjBPZmZpY2VyJTIyJTI5JTNCJTBBJTNDJTJGc2NyaXB0JTNF[\/vc_raw_js][\/vc_column][\/vc_row][\/vc_section]\n<\/div>","protected":false},"excerpt":{"rendered":"<p>[vc_section css=&#8221;.vc_custom_1741361141309{padding-bottom: 120px !important;}&#8221;][vc_row css=&#8221;.vc_custom_1741361123947{padding-bottom: 50px !important;}&#8221;][vc_column width=&#8221;1\/6&#8243;][\/vc_column][vc_column width=&#8221;2\/3&#8243;][wgl_double_headings align=&#8221;center&#8221; css_animation=&#8221;fadeIn&#8221; title_size=&#8221;50px&#8221; title_line_height=&#8221;60px&#8221; title_weight=&#8221;500&#8243; title_color=&#8221;#272226&#8243; subtitle_size=&#8221;18px&#8221; subtitle_line_height=&#8221;18px&#8221; subtitle_color=&#8221;#750218&#8243; title=&#8221;Nuestros fondos de inversi\u00f3n&#8221;][vc_column_text css=&#8221;.vc_custom_1737409869165{margin-top: 30px !important;}&#8221;] Sygnus Capital PR, LLC act\u00faa como socio general de un conjunto de fondos de inversi\u00f3n alternativos, gestion\u00e1ndolos para proporcionar a las empresas el capital que necesitan para crecer y a [&hellip;]<\/p>\n","protected":false},"author":1,"featured_media":0,"parent":6543,"menu_order":0,"comment_status":"closed","ping_status":"closed","template":"","meta":{"footnotes":""},"class_list":["post-6545","page","type-page","status-publish","hentry"],"aioseo_notices":[],"_links":{"self":[{"href":"https:\/\/sygnusgroup.com\/es\/wp-json\/wp\/v2\/pages\/6545","targetHints":{"allow":["GET"]}}],"collection":[{"href":"https:\/\/sygnusgroup.com\/es\/wp-json\/wp\/v2\/pages"}],"about":[{"href":"https:\/\/sygnusgroup.com\/es\/wp-json\/wp\/v2\/types\/page"}],"author":[{"embeddable":true,"href":"https:\/\/sygnusgroup.com\/es\/wp-json\/wp\/v2\/users\/1"}],"replies":[{"embeddable":true,"href":"https:\/\/sygnusgroup.com\/es\/wp-json\/wp\/v2\/comments?post=6545"}],"version-history":[{"count":13,"href":"https:\/\/sygnusgroup.com\/es\/wp-json\/wp\/v2\/pages\/6545\/revisions"}],"predecessor-version":[{"id":7420,"href":"https:\/\/sygnusgroup.com\/es\/wp-json\/wp\/v2\/pages\/6545\/revisions\/7420"}],"up":[{"embeddable":true,"href":"https:\/\/sygnusgroup.com\/es\/wp-json\/wp\/v2\/pages\/6543"}],"wp:attachment":[{"href":"https:\/\/sygnusgroup.com\/es\/wp-json\/wp\/v2\/media?parent=6545"}],"curies":[{"name":"wp","href":"https:\/\/api.w.org\/{rel}","templated":true}]}}