{"id":6745,"date":"2025-01-21T16:06:28","date_gmt":"2025-01-21T21:06:28","guid":{"rendered":"https:\/\/sygnus2.isavailable.online\/sygnus-capital-puerto-rico\/empleo\/"},"modified":"2025-05-20T19:22:32","modified_gmt":"2025-05-21T00:22:32","slug":"empleo","status":"publish","type":"page","link":"https:\/\/sygnusgroup.com\/es\/sygnus-capital-puerto-rico\/empleo\/","title":{"rendered":"Empleo"},"content":{"rendered":"<div class=\"wpb-content-wrapper\">[vc_row][vc_column]\n\t\t\t<!-- START PR  Careers es REVOLUTION SLIDER 6.7.23 --><p class=\"rs-p-wp-fix\"><\/p>\n\t\t\t<rs-module-wrap id=\"rev_slider_34_1_wrapper\" data-source=\"gallery\" style=\"visibility:hidden;background:transparent;padding:0;margin:0px auto;margin-top:0;margin-bottom:0;\">\n\t\t\t\t<rs-module id=\"rev_slider_34_1\" style=\"\" data-version=\"6.7.23\">\n\t\t\t\t\t<rs-slides style=\"overflow: hidden; position: absolute;\">\n\t\t\t\t\t\t<rs-slide style=\"position: absolute;\" data-key=\"rs-76\" data-title=\"Slide\" data-anim=\"adpr:false;\" data-in=\"o:0;\" data-out=\"a:false;\">\n\t\t\t\t\t\t\t<img decoding=\"async\" src=\"\/\/sygnusgroup.com\/wp-content\/plugins\/revslider\/sr6\/assets\/assets\/dummy.png\" alt=\"\" title=\"4X9A9788\" width=\"1920\" height=\"1351\" class=\"rev-slidebg tp-rs-img rs-lazyload\" data-lazyload=\"\/\/sygnusgroup.com\/wp-content\/uploads\/2025\/05\/4X9A9788.jpg\" data-bg=\"p:center top;\" data-no-retina>\n<!--\n\t\t\t\t\t\t\t--><rs-layer\n\t\t\t\t\t\t\t\tid=\"slider-34-slide-76-layer-0\" \n\t\t\t\t\t\t\t\tdata-type=\"text\"\n\t\t\t\t\t\t\t\tdata-color=\"#ffffff\"\n\t\t\t\t\t\t\t\tdata-rsp_ch=\"on\"\n\t\t\t\t\t\t\t\tdata-xy=\"x:c;y:c;\"\n\t\t\t\t\t\t\t\tdata-text=\"w:normal;s:90;l:100;fw:700;a:center;\"\n\t\t\t\t\t\t\t\tdata-dim=\"w:1116px;\"\n\t\t\t\t\t\t\t\tdata-frame_999=\"o:0;st:w;\"\n\t\t\t\t\t\t\t\tstyle=\"z-index:10;font-family:'Oswald';text-transform:uppercase;\"\n\t\t\t\t\t\t\t>Carreras \n\t\t\t\t\t\t\t<\/rs-layer><!--\n\n\t\t\t\t\t\t\t--><rs-layer\n\t\t\t\t\t\t\t\tid=\"slider-34-slide-76-layer-3\" \n\t\t\t\t\t\t\t\tdata-type=\"shape\"\n\t\t\t\t\t\t\t\tdata-rsp_ch=\"on\"\n\t\t\t\t\t\t\t\tdata-xy=\"x:c;y:c;\"\n\t\t\t\t\t\t\t\tdata-text=\"w:normal;\"\n\t\t\t\t\t\t\t\tdata-dim=\"w:100%;h:100%;\"\n\t\t\t\t\t\t\t\tdata-basealign=\"slide\"\n\t\t\t\t\t\t\t\tdata-frame_999=\"o:0;st:w;\"\n\t\t\t\t\t\t\t\tstyle=\"z-index:8;background-color:rgba(51,51,51,0.5);\"\n\t\t\t\t\t\t\t> \n\t\t\t\t\t\t\t<\/rs-layer><!--\n-->\t\t\t\t\t<\/rs-slide>\n\t\t\t\t\t<\/rs-slides>\n\t\t\t\t<\/rs-module>\n\t\t\t\t<script>\n\t\t\t\t\tsetREVStartSize({c: 'rev_slider_34_1',rl:[1240,1024,778,480],el:[900],gw:[1240],gh:[900],type:'hero',justify:'',layout:'fullwidth',mh:\"0\"});if (window.RS_MODULES!==undefined && window.RS_MODULES.modules!==undefined && window.RS_MODULES.modules[\"revslider341\"]!==undefined) {window.RS_MODULES.modules[\"revslider341\"].once = false;window.revapi34 = undefined;if (window.RS_MODULES.checkMinimal!==undefined) window.RS_MODULES.checkMinimal()}\n\t\t\t\t<\/script>\n\t\t\t<\/rs-module-wrap>\n\t\t\t<!-- END REVOLUTION SLIDER -->\n[\/vc_column][\/vc_row][vc_row css=&#8221;.vc_custom_1741370830432{padding-top: 100px !important;}&#8221;][vc_column width=&#8221;1\/6&#8243;][\/vc_column][vc_column width=&#8221;2\/3&#8243;][wgl_double_headings align=&#8221;center&#8221; title_size=&#8221;50px&#8221; title_line_height=&#8221;60px&#8221; title_weight=&#8221;500&#8243; title_color=&#8221;#272226&#8243; subtitle_size=&#8221;18px&#8221; subtitle_line_height=&#8221;18px&#8221; subtitle_color=&#8221;#750218&#8243; title=&#8221;\u00danase al equipo de Sygnus Capital Puerto Rico&#8221; subtitle=&#8221;Oportunidades de empleo&#8221;][vc_column_text css=&#8221;.vc_custom_1747679429275{padding-top: 30px !important;}&#8221;]\n<p style=\"text-align: center;\">Nuestra gente impulsa nuestro \u00e9xito. Buscamos personas con talento y motivaci\u00f3n para crecer con nosotros.<\/p>\n[\/vc_column_text][wgl_spacing spacer_size=&#8221;80px&#8221;][wgl_double_headings align=&#8221;center&#8221; title_line_height=&#8221;46px&#8221; title_weight=&#8221;500&#8243; title_color=&#8221;#272226&#8243; subtitle_size=&#8221;18px&#8221; subtitle_line_height=&#8221;18px&#8221; subtitle_color=&#8221;#750218&#8243; title=&#8221;\u00bfPor qu\u00e9 Sygnus Capital Puerto Rico?&#8221;][\/vc_column][vc_column width=&#8221;1\/6&#8243;][\/vc_column][\/vc_row][vc_row css=&#8221;.vc_custom_1741370956289{padding-top: 40px !important;padding-bottom: 100px !important;}&#8221;][vc_column width=&#8221;1\/3&#8243;][wgl_info_box ib_type=&#8221;tile&#8221; shadow_style=&#8221;before_hover&#8221; icon_type=&#8221;none&#8221; tile_bg_color_type=&#8221;color&#8221; add_shadow=&#8221;true&#8221; ib_title=&#8221;Desarrollo profesional&#8221; ib_content=&#8221;Ampl\u00ede su red de contactos y colabore con l\u00edderes de la industria en toda la regi\u00f3n.&#8221; custom_tile_colors=&#8221;true&#8221;][wgl_spacing spacer_size=&#8221;30px&#8221;][\/vc_column][vc_column width=&#8221;1\/3&#8243;][wgl_info_box ib_type=&#8221;tile&#8221; shadow_style=&#8221;before_hover&#8221; icon_type=&#8221;none&#8221; tile_bg_color_type=&#8221;color&#8221; add_shadow=&#8221;true&#8221; ib_title=&#8221;Innovaci\u00f3n&#8221; ib_content=&#8221;Sea parte de un equipo que est\u00e1 dando forma al futuro del financiamiento alternativo en Puerto Rico.&#8221; custom_tile_colors=&#8221;true&#8221;][wgl_spacing spacer_size=&#8221;30px&#8221;][\/vc_column][vc_column width=&#8221;1\/3&#8243;][wgl_info_box ib_type=&#8221;tile&#8221; shadow_style=&#8221;before_hover&#8221; icon_type=&#8221;none&#8221; tile_bg_color_type=&#8221;color&#8221; add_shadow=&#8221;true&#8221; ib_title=&#8221;Enfoque en el impacto&#8221; ib_content=&#8221;Ay\u00fadenos a hacer la diferencia, tanto en la industria financiera como en las comunidades a las que servimos.&#8221; custom_tile_colors=&#8221;true&#8221;][wgl_spacing spacer_size=&#8221;30px&#8221;][\/vc_column][\/vc_row][vc_row css=&#8221;.vc_custom_1737492148476{padding-bottom: 80px !important;}&#8221;][vc_column][wgl_double_headings align=&#8221;center&#8221; title_size=&#8221;50px&#8221; title_line_height=&#8221;60px&#8221; title_weight=&#8221;500&#8243; title_color=&#8221;#272226&#8243; subtitle_size=&#8221;18px&#8221; subtitle_line_height=&#8221;18px&#8221; subtitle_color=&#8221;#750218&#8243; title=&#8221;Puestos disponibles&#8221;][wgl_spacing spacer_size=&#8221;50px&#8221;][wgl_blog_posts_standard hide_share=&#8221;&#8221; heading_tag=&#8221;h5&#8243; heading_margin_bottom=&#8221;9px&#8221; number_of_posts=&#8221;12&#8243; order_by=&#8221;date&#8221; order=&#8221;DESC&#8221; categories=&#8221;careers&#8221; hide_media=&#8221;true&#8221; meta_categories=&#8221;true&#8221; read_more_hide=&#8221;true&#8221;][\/vc_column][\/vc_row]\n<\/div>","protected":false},"excerpt":{"rendered":"<p>[vc_row][vc_column][\/vc_column][\/vc_row][vc_row css=&#8221;.vc_custom_1741370830432{padding-top: 100px !important;}&#8221;][vc_column width=&#8221;1\/6&#8243;][\/vc_column][vc_column width=&#8221;2\/3&#8243;][wgl_double_headings align=&#8221;center&#8221; title_size=&#8221;50px&#8221; title_line_height=&#8221;60px&#8221; title_weight=&#8221;500&#8243; title_color=&#8221;#272226&#8243; subtitle_size=&#8221;18px&#8221; subtitle_line_height=&#8221;18px&#8221; subtitle_color=&#8221;#750218&#8243; title=&#8221;\u00danase al equipo de Sygnus Capital Puerto Rico&#8221; subtitle=&#8221;Oportunidades de empleo&#8221;][vc_column_text css=&#8221;.vc_custom_1747679429275{padding-top: 30px !important;}&#8221;] Nuestra gente impulsa nuestro \u00e9xito. Buscamos personas con talento y motivaci\u00f3n para crecer con nosotros. [\/vc_column_text][wgl_spacing spacer_size=&#8221;80px&#8221;][wgl_double_headings align=&#8221;center&#8221; title_line_height=&#8221;46px&#8221; title_weight=&#8221;500&#8243; title_color=&#8221;#272226&#8243; subtitle_size=&#8221;18px&#8221; subtitle_line_height=&#8221;18px&#8221; subtitle_color=&#8221;#750218&#8243; title=&#8221;\u00bfPor qu\u00e9 Sygnus [&hellip;]<\/p>\n","protected":false},"author":1,"featured_media":0,"parent":6543,"menu_order":0,"comment_status":"closed","ping_status":"closed","template":"","meta":{"footnotes":""},"class_list":["post-6745","page","type-page","status-publish","hentry"],"aioseo_notices":[],"_links":{"self":[{"href":"https:\/\/sygnusgroup.com\/es\/wp-json\/wp\/v2\/pages\/6745","targetHints":{"allow":["GET"]}}],"collection":[{"href":"https:\/\/sygnusgroup.com\/es\/wp-json\/wp\/v2\/pages"}],"about":[{"href":"https:\/\/sygnusgroup.com\/es\/wp-json\/wp\/v2\/types\/page"}],"author":[{"embeddable":true,"href":"https:\/\/sygnusgroup.com\/es\/wp-json\/wp\/v2\/users\/1"}],"replies":[{"embeddable":true,"href":"https:\/\/sygnusgroup.com\/es\/wp-json\/wp\/v2\/comments?post=6745"}],"version-history":[{"count":26,"href":"https:\/\/sygnusgroup.com\/es\/wp-json\/wp\/v2\/pages\/6745\/revisions"}],"predecessor-version":[{"id":7401,"href":"https:\/\/sygnusgroup.com\/es\/wp-json\/wp\/v2\/pages\/6745\/revisions\/7401"}],"up":[{"embeddable":true,"href":"https:\/\/sygnusgroup.com\/es\/wp-json\/wp\/v2\/pages\/6543"}],"wp:attachment":[{"href":"https:\/\/sygnusgroup.com\/es\/wp-json\/wp\/v2\/media?parent=6745"}],"curies":[{"name":"wp","href":"https:\/\/api.w.org\/{rel}","templated":true}]}}