{"id":6760,"date":"2025-01-23T15:44:12","date_gmt":"2025-01-23T20:44:12","guid":{"rendered":"https:\/\/sygnus2.isavailable.online\/sygnus-capital-puerto-rico\/inversion-de-impacto\/"},"modified":"2025-05-21T09:53:45","modified_gmt":"2025-05-21T14:53:45","slug":"inversion-de-impacto","status":"publish","type":"page","link":"https:\/\/sygnusgroup.com\/es\/sygnus-capital-puerto-rico\/inversion-de-impacto\/","title":{"rendered":"Inversi\u00f3n de impacto"},"content":{"rendered":"<div class=\"wpb-content-wrapper\">[vc_row][vc_column]\n\t\t\t<!-- START Impact Investing es REVOLUTION SLIDER 6.7.23 --><p class=\"rs-p-wp-fix\"><\/p>\n\t\t\t<rs-module-wrap id=\"rev_slider_33_1_wrapper\" data-source=\"gallery\" style=\"visibility:hidden;background:transparent;padding:0;\">\n\t\t\t\t<rs-module id=\"rev_slider_33_1\" style=\"\" data-version=\"6.7.23\">\n\t\t\t\t\t<rs-slides style=\"overflow: hidden; position: absolute;\">\n\t\t\t\t\t\t<rs-slide style=\"position: absolute;\" data-key=\"rs-73\" data-title=\"Slide\" data-anim=\"adpr:false;\" data-in=\"o:0;\" data-out=\"a:false;\">\n\t\t\t\t\t\t\t<img decoding=\"async\" src=\"\/\/sygnusgroup.com\/wp-content\/plugins\/revslider\/sr6\/assets\/assets\/dummy.png\" alt=\"\" title=\"Sygnus_Background_Image_edited\" width=\"1920\" height=\"1305\" class=\"rev-slidebg tp-rs-img rs-lazyload\" data-lazyload=\"\/\/sygnusgroup.com\/wp-content\/uploads\/2022\/06\/Sygnus_Background_Image_edited.jpg\" data-bg=\"p:center top;\" data-no-retina>\n<!--\n\t\t\t\t\t\t\t--><rs-layer\n\t\t\t\t\t\t\t\tid=\"slider-33-slide-73-layer-0\" \n\t\t\t\t\t\t\t\tdata-type=\"text\"\n\t\t\t\t\t\t\t\tdata-color=\"#ffffff\"\n\t\t\t\t\t\t\t\tdata-rsp_ch=\"on\"\n\t\t\t\t\t\t\t\tdata-xy=\"x:c;y:c;\"\n\t\t\t\t\t\t\t\tdata-text=\"w:normal;s:90;l:100;fw:700;a:center;\"\n\t\t\t\t\t\t\t\tdata-dim=\"w:823px;\"\n\t\t\t\t\t\t\t\tdata-frame_999=\"o:0;st:w;\"\n\t\t\t\t\t\t\t\tstyle=\"z-index:10;font-family:'Oswald';text-transform:uppercase;\"\n\t\t\t\t\t\t\t>Inversi\u00f3n de impacto \n\t\t\t\t\t\t\t<\/rs-layer><!--\n\n\t\t\t\t\t\t\t--><rs-layer\n\t\t\t\t\t\t\t\tid=\"slider-33-slide-73-layer-1\" \n\t\t\t\t\t\t\t\tdata-type=\"text\"\n\t\t\t\t\t\t\t\tdata-color=\"#ffffff\"\n\t\t\t\t\t\t\t\tdata-rsp_ch=\"on\"\n\t\t\t\t\t\t\t\tdata-xy=\"x:c;y:448px;\"\n\t\t\t\t\t\t\t\tdata-text=\"w:normal;s:30;l:40;ls:0px;a:center;\"\n\t\t\t\t\t\t\t\tdata-dim=\"w:676px;\"\n\t\t\t\t\t\t\t\tdata-frame_999=\"o:0;st:w;\"\n\t\t\t\t\t\t\t\tstyle=\"z-index:9;font-family:'Oswald';\"\n\t\t\t\t\t\t\t> \n\t\t\t\t\t\t\t<\/rs-layer><!--\n\n\t\t\t\t\t\t\t--><rs-layer\n\t\t\t\t\t\t\t\tid=\"slider-33-slide-73-layer-3\" \n\t\t\t\t\t\t\t\tdata-type=\"shape\"\n\t\t\t\t\t\t\t\tdata-rsp_ch=\"on\"\n\t\t\t\t\t\t\t\tdata-xy=\"x:c;y:c;\"\n\t\t\t\t\t\t\t\tdata-text=\"w:normal;\"\n\t\t\t\t\t\t\t\tdata-dim=\"w:100%;h:100%;\"\n\t\t\t\t\t\t\t\tdata-basealign=\"slide\"\n\t\t\t\t\t\t\t\tdata-frame_999=\"o:0;st:w;\"\n\t\t\t\t\t\t\t\tstyle=\"z-index:8;background-color:rgba(51,51,51,0);\"\n\t\t\t\t\t\t\t> \n\t\t\t\t\t\t\t<\/rs-layer><!--\n-->\t\t\t\t\t<\/rs-slide>\n\t\t\t\t\t<\/rs-slides>\n\t\t\t\t<\/rs-module>\n\t\t\t\t<script>\n\t\t\t\t\tsetREVStartSize({c: 'rev_slider_33_1',rl:[1240,1024,778,480],el:[900],gw:[1240],gh:[900],type:'hero',justify:'',layout:'fullscreen',offsetContainer:'',offset:'',mh:\"0\"});if (window.RS_MODULES!==undefined && window.RS_MODULES.modules!==undefined && window.RS_MODULES.modules[\"revslider331\"]!==undefined) {window.RS_MODULES.modules[\"revslider331\"].once = false;window.revapi33 = undefined;if (window.RS_MODULES.checkMinimal!==undefined) window.RS_MODULES.checkMinimal()}\n\t\t\t\t<\/script>\n\t\t\t<\/rs-module-wrap>\n\t\t\t<!-- END REVOLUTION SLIDER -->\n[\/vc_column][\/vc_row][vc_row gap=&#8221;35&#8243; equal_height=&#8221;yes&#8221; css_animation=&#8221;fadeIn&#8221; css=&#8221;.vc_custom_1741374692778{padding-top: 100px !important;padding-bottom: 100px !important;}&#8221;][vc_column width=&#8221;1\/2&#8243;][wgl_double_headings css_animation=&#8221;fadeInDown&#8221; title_size=&#8221;50px&#8221; title_line_height=&#8221;60px&#8221; title_weight=&#8221;500&#8243; title_color=&#8221;#272226&#8243; subtitle_size=&#8221;18px&#8221; subtitle_line_height=&#8221;18px&#8221; subtitle_color=&#8221;#750218&#8243; title=&#8221;Transformando vidas mediante inversiones estrat\u00e9gicas&#8221; subtitle=&#8221;Inversi\u00f3n de impacto&#8221;][vc_column_text css=&#8221;&#8221; el_class=&#8221;syg-paragraph&#8221;]Sygnus Capital Puerto Rico est\u00e1 comprometida con crear oportunidades econ\u00f3micas duraderas para todos. Al obtener capital e invertir en empresas y proyectos que impulsan la creaci\u00f3n de empleo, la innovaci\u00f3n y el desarrollo, Sygnus tiene un impacto real en la vida de las personas. Este impacto no se mide \u00fanicamente por cifras y d\u00f3lares, sino por las personas cuyas vidas se ven transformadas por estas inversiones. Detr\u00e1s de cada transacci\u00f3n hay una historia de perseverancia, crecimiento y \u00e9xito.[\/vc_column_text][\/vc_column][vc_column width=&#8221;1\/2&#8243; col_pos_horizont=&#8221;50&#8243; col_pos_vertical=&#8221;50&#8243; css=&#8221;.vc_custom_1747786730653{background-image: url(https:\/\/sygnusgroup.com\/wp-content\/uploads\/2025\/05\/Impact-Investment-Service.jpg?id=7329) !important;background-position: center !important;background-repeat: no-repeat !important;background-size: cover !important;}&#8221;][vc_single_image image=&#8221;7330&#8243; img_size=&#8221;full&#8221; alignment=&#8221;center&#8221; css=&#8221;&#8221; el_class=&#8221;invisible&#8221;][\/vc_column][\/vc_row][vc_section full_width=&#8221;stretch_row&#8221; css=&#8221;.vc_custom_1745787176462{padding-top: 100px !important;padding-bottom: 100px !important;background-color: #F6F4F0 !important;}&#8221;][vc_row css=&#8221;.vc_custom_1744927395047{padding-bottom: 50px !important;}&#8221;][vc_column][wgl_double_headings align=&#8221;center&#8221; css_animation=&#8221;fadeInDown&#8221; title_size=&#8221;44px&#8221; title_line_height=&#8221;50px&#8221; title_weight=&#8221;500&#8243; title_color=&#8221;#272226&#8243; subtitle_size=&#8221;18px&#8221; subtitle_line_height=&#8221;18px&#8221; subtitle_color=&#8221;#750218&#8243; title=&#8221;Nos centramos en apoyar a los sectores econ\u00f3micos clave de Puerto Rico y la regi\u00f3n, eliminando barreras y creando oportunidades.&#8221; subtitle=&#8221;Sectores econ\u00f3micos clave&#8221;][\/vc_column][\/vc_row][vc_row equal_height=&#8221;yes&#8221;][vc_column width=&#8221;1\/2&#8243; col_pos_horizont=&#8221;&#8221; col_pos_vertical=&#8221;&#8221;][vc_raw_html css=&#8221;.vc_custom_1747677222067{padding-bottom: 30px !important;}&#8221;]JTNDZGl2JTIwY2xhc3MlM0QlMjJzeWctaG92ZXItYm94LWNvbnRhaW5lciUyMiUzRSUwQSUyMCUyMCUzQ2ltZyUyMHNyYyUzRCUyMmh0dHBzJTNBJTJGJTJGc3lnbnVzMi5pc2F2YWlsYWJsZS5vbmxpbmUlMkZ3cC1jb250ZW50JTJGdXBsb2FkcyUyRjIwMjUlMkYwNCUyRjAzX01hbnVmYWN0dWFfMTM2ODQyOTAxMy03Njh4NDMyLTEuanBnJTIyJTIwYWx0JTNEJTIyJTIyJTIwY2xhc3MlM0QlMjJzeWctaG92ZXItYm94LWltYWdlJTIyJTNFJTBBJTIwJTIwJTNDZGl2JTIwY2xhc3MlM0QlMjJzeWctaG92ZXItYm94LW92ZXJsYXklMjIlM0UlM0MlMkZkaXYlM0UlMEElMjAlMjAlM0NkaXYlMjBjbGFzcyUzRCUyMnN5Zy1ob3Zlci1ib3gtdGV4dCUyMiUzRU1hbnVmYWN0dXJhJTNDJTJGZGl2JTNFJTBBJTNDJTJGZGl2JTNF[\/vc_raw_html][\/vc_column][vc_column width=&#8221;1\/2&#8243;][vc_raw_html css=&#8221;.vc_custom_1747677243777{padding-bottom: 30px !important;}&#8221;]JTNDZGl2JTIwY2xhc3MlM0QlMjJzeWctaG92ZXItYm94LWNvbnRhaW5lciUyMiUzRSUwQSUyMCUyMCUzQ2ltZyUyMHNyYyUzRCUyMmh0dHBzJTNBJTJGJTJGc3lnbnVzMi5pc2F2YWlsYWJsZS5vbmxpbmUlMkZ3cC1jb250ZW50JTJGdXBsb2FkcyUyRjIwMjUlMkYwNCUyRmJsYWtlLXdoZWVsZXItekJIVTA4aGR6aFktdW5zcGxhc2guanBnJTIyJTIwYWx0JTNEJTIyJTIyJTIwY2xhc3MlM0QlMjJzeWctaG92ZXItYm94LWltYWdlJTIyJTNFJTBBJTIwJTIwJTNDZGl2JTIwY2xhc3MlM0QlMjJzeWctaG92ZXItYm94LW92ZXJsYXklMjIlM0UlM0MlMkZkaXYlM0UlMEElMjAlMjAlM0NkaXYlMjBjbGFzcyUzRCUyMnN5Zy1ob3Zlci1ib3gtdGV4dCUyMiUzRVZpdmllbmRhJTIweSUyMGJpZW5lcyUyMHJhJUMzJUFEY2VzJTNDJTJGZGl2JTNFJTBBJTNDJTJGZGl2JTNF[\/vc_raw_html][\/vc_column][\/vc_row][vc_row equal_height=&#8221;yes&#8221;][vc_column width=&#8221;1\/3&#8243; col_pos_horizont=&#8221;&#8221; col_pos_vertical=&#8221;&#8221;][vc_raw_html css=&#8221;.vc_custom_1745788145888{padding-bottom: 30px !important;}&#8221;]PGRpdiBjbGFzcz0ic3lnLWhvdmVyLWJveC1jb250YWluZXIiPgogIDxpbWcgc3JjPSJodHRwczovL3N5Z251czIuaXNhdmFpbGFibGUub25saW5lL3dwLWNvbnRlbnQvdXBsb2Fkcy8yMDI1LzA0LzAyX0NvbnN0cnVjY2lvbl8xMzM3MTExOTY0LTc2OHg1MTItMS5qcGciIGFsdD0iIiBjbGFzcz0ic3lnLWhvdmVyLWJveC1pbWFnZSI+CiAgPGRpdiBjbGFzcz0ic3lnLWhvdmVyLWJveC1vdmVybGF5Ij48L2Rpdj4KICA8ZGl2IGNsYXNzPSJzeWctaG92ZXItYm94LXRleHQiPkluZnJhZXN0cnVjdHVyYTwvZGl2Pgo8L2Rpdj4=[\/vc_raw_html][\/vc_column][vc_column width=&#8221;1\/3&#8243;][vc_raw_html css=&#8221;.vc_custom_1747677290185{padding-bottom: 30px !important;}&#8221;]JTNDZGl2JTIwY2xhc3MlM0QlMjJzeWctaG92ZXItYm94LWNvbnRhaW5lciUyMiUzRSUwQSUyMCUyMCUzQ2ltZyUyMHNyYyUzRCUyMmh0dHBzJTNBJTJGJTJGc3lnbnVzMi5pc2F2YWlsYWJsZS5vbmxpbmUlMkZ3cC1jb250ZW50JTJGdXBsb2FkcyUyRjIwMjUlMkYwNCUyRjAxX1NhbHVkXzEwNzQxNjYxNTYtNzY4eDQzMi0xLmpwZyUyMiUyMGFsdCUzRCUyMiUyMiUyMGNsYXNzJTNEJTIyc3lnLWhvdmVyLWJveC1pbWFnZSUyMiUzRSUwQSUyMCUyMCUzQ2RpdiUyMGNsYXNzJTNEJTIyc3lnLWhvdmVyLWJveC1vdmVybGF5JTIyJTNFJTNDJTJGZGl2JTNFJTBBJTIwJTIwJTNDZGl2JTIwY2xhc3MlM0QlMjJzeWctaG92ZXItYm94LXRleHQlMjIlM0VTYWx1ZCUzQyUyRmRpdiUzRSUwQSUzQyUyRmRpdiUzRQ==[\/vc_raw_html][\/vc_column][vc_column width=&#8221;1\/3&#8243;][vc_raw_html css=&#8221;.vc_custom_1745788549518{padding-bottom: 30px !important;}&#8221;]PGRpdiBjbGFzcz0ic3lnLWhvdmVyLWJveC1jb250YWluZXIiPgogIDxpbWcgc3JjPSJodHRwczovL3N5Z251czIuaXNhdmFpbGFibGUub25saW5lL3dwLWNvbnRlbnQvdXBsb2Fkcy8yMDI1LzA0L2dhYnJpZWxsZS1tYXVyZXItWkx3R2JTMjllbWMtdW5zcGxhc2guanBnIiBhbHQ9IiIgY2xhc3M9InN5Zy1ob3Zlci1ib3gtaW1hZ2UiPgogIDxkaXYgY2xhc3M9InN5Zy1ob3Zlci1ib3gtb3ZlcmxheSI+PC9kaXY+CiAgPGRpdiBjbGFzcz0ic3lnLWhvdmVyLWJveC10ZXh0Ij5UdXJpc21vPC9kaXY+CjwvZGl2Pg==[\/vc_raw_html][\/vc_column][\/vc_row][vc_row equal_height=&#8221;yes&#8221;][vc_column width=&#8221;1\/2&#8243; col_pos_horizont=&#8221;&#8221; col_pos_vertical=&#8221;&#8221;][vc_raw_html css=&#8221;.vc_custom_1747677309413{padding-bottom: 30px !important;}&#8221;]JTNDZGl2JTIwY2xhc3MlM0QlMjJzeWctaG92ZXItYm94LWNvbnRhaW5lciUyMiUzRSUwQSUyMCUyMCUzQ2ltZyUyMHNyYyUzRCUyMmh0dHBzJTNBJTJGJTJGc3lnbnVzMi5pc2F2YWlsYWJsZS5vbmxpbmUlMkZ3cC1jb250ZW50JTJGdXBsb2FkcyUyRjIwMjUlMkYwNCUyRjA0X0hvdGVsZXJpYV8xMDgzODAwNTAwLTEtNzY4eDUxMi0xLmpwZyUyMiUyMGFsdCUzRCUyMiUyMiUyMGNsYXNzJTNEJTIyc3lnLWhvdmVyLWJveC1pbWFnZSUyMiUzRSUwQSUyMCUyMCUzQ2RpdiUyMGNsYXNzJTNEJTIyc3lnLWhvdmVyLWJveC1vdmVybGF5JTIyJTNFJTNDJTJGZGl2JTNFJTBBJTIwJTIwJTNDZGl2JTIwY2xhc3MlM0QlMjJzeWctaG92ZXItYm94LXRleHQlMjIlM0VIb3NwaXRhbGlkYWQlM0MlMkZkaXYlM0UlMEElM0MlMkZkaXYlM0U=[\/vc_raw_html][\/vc_column][vc_column width=&#8221;1\/2&#8243;][vc_raw_html css=&#8221;.vc_custom_1745788367689{padding-bottom: 30px !important;}&#8221;]PGRpdiBjbGFzcz0ic3lnLWhvdmVyLWJveC1jb250YWluZXIiPgogIDxpbWcgc3JjPSJodHRwczovL3N5Z251czIuaXNhdmFpbGFibGUub25saW5lL3dwLWNvbnRlbnQvdXBsb2Fkcy8yMDI1LzA0L2Rhbi1tZXllcnMtSVFWRlZIMGFqYWctdW5zcGxhc2guanBnIiBhbHQ9IiIgY2xhc3M9InN5Zy1ob3Zlci1ib3gtaW1hZ2UiPgogIDxkaXYgY2xhc3M9InN5Zy1ob3Zlci1ib3gtb3ZlcmxheSI+PC9kaXY+CiAgPGRpdiBjbGFzcz0ic3lnLWhvdmVyLWJveC10ZXh0Ij5BZ3JpY3VsdHVyYTwvZGl2Pgo8L2Rpdj4=[\/vc_raw_html][\/vc_column][\/vc_row][\/vc_section][vc_section disable_element=&#8221;yes&#8221;][vc_row css=&#8221;.vc_custom_1737403531756{padding-top: 80px !important;padding-bottom: 80px !important;}&#8221;][vc_column width=&#8221;1\/12&#8243;][\/vc_column][vc_column width=&#8221;10\/12&#8243;][wgl_double_headings align=&#8221;center&#8221; css_animation=&#8221;fadeIn&#8221; title_size=&#8221;50px&#8221; title_line_height=&#8221;60px&#8221; title_weight=&#8221;500&#8243; title_color=&#8221;#272226&#8243; subtitle_size=&#8221;18px&#8221; subtitle_line_height=&#8221;18px&#8221; subtitle_color=&#8221;#750218&#8243; title=&#8221;\u00bfPor qu\u00e9 Sygnus Puerto Rico?&#8221;][\/vc_column][vc_column width=&#8221;1\/12&#8243;][\/vc_column][\/vc_row][vc_row css=&#8221;.vc_custom_1740334607204{padding-bottom: 80px !important;}&#8221;][vc_column width=&#8221;1\/3&#8243;][wgl_info_box ib_type=&#8221;tile&#8221; shadow_style=&#8221;before_hover&#8221; icon_type=&#8221;none&#8221; add_shadow=&#8221;true&#8221; ib_title=&#8221;Creative Solutions&#8221; ib_content=&#8221;Creating customized solutions that meet companies\u2019 needs with accountability and efficiency. &nbsp; &nbsp; &nbsp; &nbsp; &nbsp; &nbsp; &nbsp; &nbsp; &nbsp; &nbsp; &nbsp; &nbsp; &nbsp;&#8220;][\/vc_column][vc_column width=&#8221;1\/3&#8243;][wgl_info_box ib_type=&#8221;tile&#8221; shadow_style=&#8221;before_hover&#8221; icon_type=&#8221;none&#8221; add_shadow=&#8221;true&#8221; ib_title=&#8221;Regional Leadership&#8221; ib_content=&#8221;Strong and proven reputation across Puerto Rico and the Caribbean. &nbsp; &nbsp; &nbsp; &nbsp; &nbsp; &nbsp; &nbsp; &nbsp; &nbsp; &nbsp; &nbsp; &nbsp; &nbsp; &nbsp; &nbsp; &nbsp; &nbsp; &nbsp; &nbsp; &nbsp; &nbsp; &nbsp; &nbsp; &nbsp; &nbsp; &nbsp; &nbsp; &nbsp; &nbsp; &nbsp; &nbsp; &nbsp; &nbsp; &nbsp; &nbsp; &nbsp; &nbsp; &nbsp; &nbsp; &nbsp; &nbsp; &nbsp; &nbsp; &nbsp; &nbsp; &nbsp; &nbsp; &nbsp; &nbsp; &nbsp; &nbsp; &nbsp; &nbsp; &nbsp; &nbsp; &nbsp; &nbsp; &nbsp; &nbsp; &nbsp; &nbsp; &nbsp; &nbsp;&#8220;][\/vc_column][vc_column width=&#8221;1\/3&#8243;][wgl_info_box ib_type=&#8221;tile&#8221; shadow_style=&#8221;before_hover&#8221; icon_type=&#8221;none&#8221; add_shadow=&#8221;true&#8221; ib_title=&#8221;Local Expertise&#8221; ib_content=&#8221;Proven track record in Puerto Rico with complex financial structures and investment deals that mitigate risks and maximize return.&#8221;][\/vc_column][\/vc_row][\/vc_section][vc_section disable_element=&#8221;yes&#8221;][vc_row css=&#8221;.vc_custom_1737664155917{padding-top: 80px !important;}&#8221;][vc_column][wgl_double_headings align=&#8221;center&#8221; title_size=&#8221;46px&#8221; title_line_height=&#8221;46px&#8221; title_weight=&#8221;700&#8243; title_color=&#8221;#272226&#8243; subtitle_size=&#8221;18px&#8221; subtitle_line_height=&#8221;18px&#8221; subtitle_color=&#8221;#750218&#8243; title=&#8221;Consejo de Administraci\u00f3n&#8221; subtitle=&#8221;Sygnus Capital Limited&#8221;][\/vc_column][\/vc_row][vc_row css=&#8221;.vc_custom_1737404304046{margin-top: 50px !important;}&#8221;][vc_column]\n\t\t<div  class=\"wgl_module_team team-col_3 acenter\">\n\t\t\t<div class=\"team-items_wrap clearfix\"  style=\"margin-right:-15px; margin-left:-15px;\">\n\t\t\t\t[wgl_carousel slide_to_show=\"3\" autoplay=\"\" autoplay_speed=\"3000\" use_pagination=\"\" pag_type=\"circle\" pag_offset=\"\" custom_pag_color=\"\" pag_color=\"#750218\" use_prev_next=\"true\" custom_buttons_color=\"\" buttons_color=\"#750218\" custom_resp=\"\" resp_medium=\"1025\" resp_medium_slides=\"\" resp_tablets=\"800\" resp_tablets_slides=\"\" resp_mobile=\"480\" resp_mobile_slides=\"\" infinite=\"\" slides_to_scroll=\"true\" ]<div class=\"team-item\" style=\"padding-right:15px; padding-left:15px;  padding-bottom:30px;\"><div class=\"team-item_content\"><div class=\"team-image\"><a href=\"https:\/\/sygnusgroup.com\/es\/teames\/james-connor\/\"><img decoding=\"async\" data-src=\"https:\/\/sygnusgroup.com\/wp-content\/uploads\/2025\/01\/Sygnus-PR-Team_James-Connor-740x780.jpg\" alt=\"\" src=\"data:image\/gif;base64,R0lGODlhAQABAAAAACH5BAEKAAEALAAAAAABAAEAAAICTAEAOw==\" class=\"lazyload\" style=\"--smush-placeholder-width: 740px; --smush-placeholder-aspect-ratio: 740\/780;\" \/><\/a><\/div><div class=\"team-item_info\"><div class=\"team-item_titles\"><h4 class=\"team-title\"><a href=\"https:\/\/sygnusgroup.com\/es\/teames\/james-connor\/\">James Connor<\/a><\/h4><div class=\"team-department\">Director Ejecutivo<\/div><\/div><\/div><\/div><\/div><div class=\"team-item\" style=\"padding-right:15px; padding-left:15px;  padding-bottom:30px;\"><div class=\"team-item_content\"><div class=\"team-image\"><a href=\"https:\/\/sygnusgroup.com\/es\/teames\/raul-cacho-perez\/\"><img decoding=\"async\" data-src=\"https:\/\/sygnusgroup.com\/wp-content\/uploads\/2025\/01\/Sygnus-PR-Team_Raul-Cacho-Perez-740x780.jpg\" alt=\"\" src=\"data:image\/gif;base64,R0lGODlhAQABAAAAACH5BAEKAAEALAAAAAABAAEAAAICTAEAOw==\" class=\"lazyload\" style=\"--smush-placeholder-width: 740px; --smush-placeholder-aspect-ratio: 740\/780;\" \/><\/a><\/div><div class=\"team-item_info\"><div class=\"team-item_titles\"><h4 class=\"team-title\"><a href=\"https:\/\/sygnusgroup.com\/es\/teames\/raul-cacho-perez\/\">Ra\u00fal Cacho P\u00e9rez<\/a><\/h4><div class=\"team-department\">Jefe de Inversiones en Cr\u00e9dito Privado<\/div><\/div><\/div><\/div><\/div><div class=\"team-item\" style=\"padding-right:15px; padding-left:15px;  padding-bottom:30px;\"><div class=\"team-item_content\"><div class=\"team-image\"><a href=\"https:\/\/sygnusgroup.com\/es\/teames\/pablo-penaloza-grajales\/\"><img decoding=\"async\" data-src=\"https:\/\/sygnusgroup.com\/wp-content\/uploads\/2025\/01\/Sygnus-PR-Team_Pablo-Penaloza-Grajales-740x780.jpg\" alt=\"\" src=\"data:image\/gif;base64,R0lGODlhAQABAAAAACH5BAEKAAEALAAAAAABAAEAAAICTAEAOw==\" class=\"lazyload\" style=\"--smush-placeholder-width: 740px; --smush-placeholder-aspect-ratio: 740\/780;\" \/><\/a><\/div><div class=\"team-item_info\"><div class=\"team-item_titles\"><h4 class=\"team-title\"><a href=\"https:\/\/sygnusgroup.com\/es\/teames\/pablo-penaloza-grajales\/\">Pablo Pe\u00f1aloza Grajales<\/a><\/h4><div class=\"team-department\">Director de Operaciones<\/div><\/div><\/div><\/div><\/div><div class=\"team-item\" style=\"padding-right:15px; padding-left:15px;  padding-bottom:30px;\"><div class=\"team-item_content\"><div class=\"team-image\"><a href=\"https:\/\/sygnusgroup.com\/es\/teames\/keishmarie-melendez-gonzalez\/\"><img decoding=\"async\" data-src=\"https:\/\/sygnusgroup.com\/wp-content\/uploads\/2025\/01\/Sygnus-PR-Team_Keishmarie-Melendez-740x780.jpg\" alt=\"\" src=\"data:image\/gif;base64,R0lGODlhAQABAAAAACH5BAEKAAEALAAAAAABAAEAAAICTAEAOw==\" class=\"lazyload\" style=\"--smush-placeholder-width: 740px; --smush-placeholder-aspect-ratio: 740\/780;\" \/><\/a><\/div><div class=\"team-item_info\"><div class=\"team-item_titles\"><h4 class=\"team-title\"><a href=\"https:\/\/sygnusgroup.com\/es\/teames\/keishmarie-melendez-gonzalez\/\">Keishmarie Melendez Gonz\u00e1lez<\/a><\/h4><div class=\"team-department\">Director de Gesti\u00f3n de Fondos<\/div><\/div><\/div><\/div><\/div><div class=\"team-item\" style=\"padding-right:15px; padding-left:15px;  padding-bottom:30px;\"><div class=\"team-item_content\"><div class=\"team-image\"><a href=\"https:\/\/sygnusgroup.com\/es\/teames\/jesus-daniel-mattei\/\"><img decoding=\"async\" data-src=\"https:\/\/sygnusgroup.com\/wp-content\/uploads\/2025\/01\/Sygnus-PR-Team_Jesus-Daniel-Mattei-740x780.jpg\" alt=\"\" src=\"data:image\/gif;base64,R0lGODlhAQABAAAAACH5BAEKAAEALAAAAAABAAEAAAICTAEAOw==\" class=\"lazyload\" style=\"--smush-placeholder-width: 740px; --smush-placeholder-aspect-ratio: 740\/780;\" \/><\/a><\/div><div class=\"team-item_info\"><div class=\"team-item_titles\"><h4 class=\"team-title\"><a href=\"https:\/\/sygnusgroup.com\/es\/teames\/jesus-daniel-mattei\/\">Jes\u00fas Daniel Mattei<\/a><\/h4><div class=\"team-department\">Vicepresidente<\/div><\/div><\/div><\/div><\/div>[\/wgl_carousel]\t\t\t<\/div>\n\t\t<\/div>\n\n\t\t[vc_raw_js]JTNDc2NyaXB0JTNFJTIwJTBBalF1ZXJ5JTI4JTIyLnRlYW0taXRlbXNfd3JhcCUyMC50ZWFtLWl0ZW0lM0FudGgtY2hpbGQlMjgyJTI5JTIwLnRlYW0tZGVwYXJ0bWVudCUyMiUyOS5hcHBlbmQlMjglMjIlM0NiciUzRUNoaWVmJTIwT3BlcmF0aW5nJTIwT2ZmaWNlciUyMiUyOSUzQiUwQWpRdWVyeSUyOCUyMi50ZWFtLWl0ZW1zX3dyYXAlMjAudGVhbS1pdGVtJTNBbnRoLWNoaWxkJTI4MyUyOSUyMC50ZWFtLWRlcGFydG1lbnQlMjIlMjkuYXBwZW5kJTI4JTIyJTNDYnIlM0VDaGllZiUyMEludmVzdG1lbnQlMjBPZmZpY2VyJTIyJTI5JTNCJTBBJTNDJTJGc2NyaXB0JTNF[\/vc_raw_js][\/vc_column][\/vc_row][\/vc_section]\n<\/div>","protected":false},"excerpt":{"rendered":"<p>[vc_row][vc_column][\/vc_column][\/vc_row][vc_row gap=&#8221;35&#8243; equal_height=&#8221;yes&#8221; css_animation=&#8221;fadeIn&#8221; css=&#8221;.vc_custom_1741374692778{padding-top: 100px !important;padding-bottom: 100px !important;}&#8221;][vc_column width=&#8221;1\/2&#8243;][wgl_double_headings css_animation=&#8221;fadeInDown&#8221; title_size=&#8221;50px&#8221; title_line_height=&#8221;60px&#8221; title_weight=&#8221;500&#8243; title_color=&#8221;#272226&#8243; subtitle_size=&#8221;18px&#8221; subtitle_line_height=&#8221;18px&#8221; subtitle_color=&#8221;#750218&#8243; title=&#8221;Transformando vidas mediante inversiones estrat\u00e9gicas&#8221; subtitle=&#8221;Inversi\u00f3n de impacto&#8221;][vc_column_text css=&#8221;&#8221; el_class=&#8221;syg-paragraph&#8221;]Sygnus Capital Puerto Rico est\u00e1 comprometida con crear oportunidades econ\u00f3micas duraderas para todos. Al obtener capital e invertir en empresas y proyectos que impulsan la creaci\u00f3n de empleo, [&hellip;]<\/p>\n","protected":false},"author":1,"featured_media":0,"parent":6543,"menu_order":0,"comment_status":"closed","ping_status":"closed","template":"","meta":{"footnotes":""},"class_list":["post-6760","page","type-page","status-publish","hentry"],"aioseo_notices":[],"_links":{"self":[{"href":"https:\/\/sygnusgroup.com\/es\/wp-json\/wp\/v2\/pages\/6760","targetHints":{"allow":["GET"]}}],"collection":[{"href":"https:\/\/sygnusgroup.com\/es\/wp-json\/wp\/v2\/pages"}],"about":[{"href":"https:\/\/sygnusgroup.com\/es\/wp-json\/wp\/v2\/types\/page"}],"author":[{"embeddable":true,"href":"https:\/\/sygnusgroup.com\/es\/wp-json\/wp\/v2\/users\/1"}],"replies":[{"embeddable":true,"href":"https:\/\/sygnusgroup.com\/es\/wp-json\/wp\/v2\/comments?post=6760"}],"version-history":[{"count":14,"href":"https:\/\/sygnusgroup.com\/es\/wp-json\/wp\/v2\/pages\/6760\/revisions"}],"predecessor-version":[{"id":7428,"href":"https:\/\/sygnusgroup.com\/es\/wp-json\/wp\/v2\/pages\/6760\/revisions\/7428"}],"up":[{"embeddable":true,"href":"https:\/\/sygnusgroup.com\/es\/wp-json\/wp\/v2\/pages\/6543"}],"wp:attachment":[{"href":"https:\/\/sygnusgroup.com\/es\/wp-json\/wp\/v2\/media?parent=6760"}],"curies":[{"name":"wp","href":"https:\/\/api.w.org\/{rel}","templated":true}]}}