{"id":6846,"date":"2025-01-21T15:44:45","date_gmt":"2025-01-21T20:44:45","guid":{"rendered":"https:\/\/sygnus2.isavailable.online\/sygnus-capital-puerto-rico\/noticias-e-informacion\/"},"modified":"2025-05-20T22:32:08","modified_gmt":"2025-05-21T03:32:08","slug":"noticias-e-informacion","status":"publish","type":"page","link":"https:\/\/sygnusgroup.com\/es\/sygnus-capital-puerto-rico\/noticias-e-informacion\/","title":{"rendered":"Noticias y Perspectivas"},"content":{"rendered":"<div class=\"wpb-content-wrapper\">[vc_row css=&#8221;.vc_custom_1741369316829{padding-bottom: 160px !important;}&#8221;][vc_column width=&#8221;1\/2&#8243;][wgl_double_headings title_size=&#8221;50px&#8221; title_line_height=&#8221;60px&#8221; title_weight=&#8221;500&#8243; title_color=&#8221;#272226&#8243; subtitle_size=&#8221;18px&#8221; subtitle_line_height=&#8221;18px&#8221; subtitle_color=&#8221;#750218&#8243; title=&#8221;\u00daltimas actualizaciones&#8221; subtitle=&#8221;Noticias y Perspectivas&#8221;][\/vc_column][vc_column width=&#8221;1\/2&#8243;][wgl_custom_text font_size=&#8221;18&#8243; line_height=&#8221;28px&#8221; extra_class=&#8221;syg-paragraph&#8221;]Explora las \u00faltimas actualizaciones de Sygnus Capital PR. Descubre el impactante papel que desempe\u00f1an nuestras soluciones para impulsar el crecimiento y el desarrollo econ\u00f3mico. Desde tendencias del sector hasta hitos y noticias de la empresa, aqu\u00ed te mantendr\u00e1s informado sobre nuestro trabajo en todo Puerto Rico y la regi\u00f3n.[\/wgl_custom_text][\/vc_column][\/vc_row][vc_row css=&#8221;.vc_custom_1737492148476{padding-bottom: 80px !important;}&#8221;][vc_column][wgl_blog_posts_standard blog_navigation=&#8221;load_more&#8221; items_load=&#8221;8&#8243; name_load_more=&#8221;Cargar m\u00e1s&#8221; blog_columns=&#8221;4&#8243; heading_tag=&#8221;h5&#8243; heading_margin_bottom=&#8221;9px&#8221; number_of_posts=&#8221;12&#8243; order_by=&#8221;date&#8221; order=&#8221;DESC&#8221; categories=&#8221;news-insights&#8221; meta_categories=&#8221;true&#8221; hide_content=&#8221;true&#8221;][\/vc_column][\/vc_row]\n<\/div>","protected":false},"excerpt":{"rendered":"<p>[vc_row css=&#8221;.vc_custom_1741369316829{padding-bottom: 160px !important;}&#8221;][vc_column width=&#8221;1\/2&#8243;][wgl_double_headings title_size=&#8221;50px&#8221; title_line_height=&#8221;60px&#8221; title_weight=&#8221;500&#8243; title_color=&#8221;#272226&#8243; subtitle_size=&#8221;18px&#8221; subtitle_line_height=&#8221;18px&#8221; subtitle_color=&#8221;#750218&#8243; title=&#8221;\u00daltimas actualizaciones&#8221; subtitle=&#8221;Noticias y Perspectivas&#8221;][\/vc_column][vc_column width=&#8221;1\/2&#8243;][wgl_custom_text font_size=&#8221;18&#8243; line_height=&#8221;28px&#8221; extra_class=&#8221;syg-paragraph&#8221;]Explora las \u00faltimas actualizaciones de Sygnus Capital PR. Descubre el impactante papel que desempe\u00f1an nuestras soluciones para impulsar el crecimiento y el desarrollo econ\u00f3mico. Desde tendencias del sector hasta hitos y noticias de la empresa, [&hellip;]<\/p>\n","protected":false},"author":1,"featured_media":0,"parent":6543,"menu_order":0,"comment_status":"closed","ping_status":"closed","template":"","meta":{"footnotes":""},"class_list":["post-6846","page","type-page","status-publish","hentry"],"aioseo_notices":[],"_links":{"self":[{"href":"https:\/\/sygnusgroup.com\/es\/wp-json\/wp\/v2\/pages\/6846","targetHints":{"allow":["GET"]}}],"collection":[{"href":"https:\/\/sygnusgroup.com\/es\/wp-json\/wp\/v2\/pages"}],"about":[{"href":"https:\/\/sygnusgroup.com\/es\/wp-json\/wp\/v2\/types\/page"}],"author":[{"embeddable":true,"href":"https:\/\/sygnusgroup.com\/es\/wp-json\/wp\/v2\/users\/1"}],"replies":[{"embeddable":true,"href":"https:\/\/sygnusgroup.com\/es\/wp-json\/wp\/v2\/comments?post=6846"}],"version-history":[{"count":12,"href":"https:\/\/sygnusgroup.com\/es\/wp-json\/wp\/v2\/pages\/6846\/revisions"}],"predecessor-version":[{"id":7421,"href":"https:\/\/sygnusgroup.com\/es\/wp-json\/wp\/v2\/pages\/6846\/revisions\/7421"}],"up":[{"embeddable":true,"href":"https:\/\/sygnusgroup.com\/es\/wp-json\/wp\/v2\/pages\/6543"}],"wp:attachment":[{"href":"https:\/\/sygnusgroup.com\/es\/wp-json\/wp\/v2\/media?parent=6846"}],"curies":[{"name":"wp","href":"https:\/\/api.w.org\/{rel}","templated":true}]}}