{"id":6855,"date":"2025-01-23T14:19:41","date_gmt":"2025-01-23T19:19:41","guid":{"rendered":"https:\/\/sygnus2.isavailable.online\/sygnus-capital-puerto-rico\/nuestros-servicios\/"},"modified":"2025-05-21T16:54:18","modified_gmt":"2025-05-21T21:54:18","slug":"nuestros-servicios","status":"publish","type":"page","link":"https:\/\/sygnusgroup.com\/es\/sygnus-capital-puerto-rico\/nuestros-servicios\/","title":{"rendered":"Nuestros servicios"},"content":{"rendered":"<div class=\"wpb-content-wrapper\">[vc_row][vc_column]\n\t\t\t<!-- START PR  Our Services es REVOLUTION SLIDER 6.7.23 --><p class=\"rs-p-wp-fix\"><\/p>\n\t\t\t<rs-module-wrap id=\"rev_slider_30_1_wrapper\" data-source=\"gallery\" style=\"visibility:hidden;background:transparent;padding:0;\">\n\t\t\t\t<rs-module id=\"rev_slider_30_1\" style=\"\" data-version=\"6.7.23\">\n\t\t\t\t\t<rs-slides style=\"overflow: hidden; position: absolute;\">\n\t\t\t\t\t\t<rs-slide style=\"position: absolute;\" data-key=\"rs-64\" data-title=\"Slide\" data-anim=\"adpr:false;\" data-in=\"o:0;\" data-out=\"a:false;\">\n\t\t\t\t\t\t\t<img decoding=\"async\" src=\"\/\/sygnusgroup.com\/wp-content\/plugins\/revslider\/sr6\/assets\/assets\/dummy.png\" alt=\"\" title=\"Sygnus_Background_Image_edited\" width=\"1920\" height=\"1305\" class=\"rev-slidebg tp-rs-img rs-lazyload\" data-lazyload=\"\/\/sygnus.isavailable.online\/wp-content\/uploads\/2022\/06\/Sygnus_Background_Image_edited.jpg\" data-bg=\"p:center top;\" data-no-retina>\n<!--\n\t\t\t\t\t\t\t--><rs-layer\n\t\t\t\t\t\t\t\tid=\"slider-30-slide-64-layer-0\" \n\t\t\t\t\t\t\t\tdata-type=\"text\"\n\t\t\t\t\t\t\t\tdata-color=\"#ffffff\"\n\t\t\t\t\t\t\t\tdata-rsp_ch=\"on\"\n\t\t\t\t\t\t\t\tdata-xy=\"x:c;y:c;\"\n\t\t\t\t\t\t\t\tdata-text=\"w:normal;s:90;l:100;fw:700;a:center;\"\n\t\t\t\t\t\t\t\tdata-dim=\"w:1116px;\"\n\t\t\t\t\t\t\t\tdata-frame_999=\"o:0;st:w;\"\n\t\t\t\t\t\t\t\tstyle=\"z-index:10;font-family:'Oswald';text-transform:uppercase;\"\n\t\t\t\t\t\t\t>Nuestros servicios \n\t\t\t\t\t\t\t<\/rs-layer><!--\n\n\t\t\t\t\t\t\t--><rs-layer\n\t\t\t\t\t\t\t\tid=\"slider-30-slide-64-layer-1\" \n\t\t\t\t\t\t\t\tdata-type=\"text\"\n\t\t\t\t\t\t\t\tdata-color=\"#ffffff\"\n\t\t\t\t\t\t\t\tdata-rsp_ch=\"on\"\n\t\t\t\t\t\t\t\tdata-xy=\"x:c;y:448px;\"\n\t\t\t\t\t\t\t\tdata-text=\"w:normal;s:30;l:40;ls:0px;a:center;\"\n\t\t\t\t\t\t\t\tdata-dim=\"w:676px;\"\n\t\t\t\t\t\t\t\tdata-frame_999=\"o:0;st:w;\"\n\t\t\t\t\t\t\t\tstyle=\"z-index:9;font-family:'Oswald';\"\n\t\t\t\t\t\t\t> \n\t\t\t\t\t\t\t<\/rs-layer><!--\n\n\t\t\t\t\t\t\t--><rs-layer\n\t\t\t\t\t\t\t\tid=\"slider-30-slide-64-layer-3\" \n\t\t\t\t\t\t\t\tdata-type=\"shape\"\n\t\t\t\t\t\t\t\tdata-rsp_ch=\"on\"\n\t\t\t\t\t\t\t\tdata-xy=\"x:c;y:c;\"\n\t\t\t\t\t\t\t\tdata-text=\"w:normal;\"\n\t\t\t\t\t\t\t\tdata-dim=\"w:100%;h:100%;\"\n\t\t\t\t\t\t\t\tdata-basealign=\"slide\"\n\t\t\t\t\t\t\t\tdata-frame_999=\"o:0;st:w;\"\n\t\t\t\t\t\t\t\tstyle=\"z-index:8;background-color:rgba(51,51,51,0);\"\n\t\t\t\t\t\t\t> \n\t\t\t\t\t\t\t<\/rs-layer><!--\n-->\t\t\t\t\t<\/rs-slide>\n\t\t\t\t\t<\/rs-slides>\n\t\t\t\t<\/rs-module>\n\t\t\t\t<script>\n\t\t\t\t\tsetREVStartSize({c: 'rev_slider_30_1',rl:[1240,1024,778,480],el:[900],gw:[1240],gh:[900],type:'hero',justify:'',layout:'fullscreen',offsetContainer:'',offset:'',mh:\"0\"});if (window.RS_MODULES!==undefined && window.RS_MODULES.modules!==undefined && window.RS_MODULES.modules[\"revslider301\"]!==undefined) {window.RS_MODULES.modules[\"revslider301\"].once = false;window.revapi30 = undefined;if (window.RS_MODULES.checkMinimal!==undefined) window.RS_MODULES.checkMinimal()}\n\t\t\t\t<\/script>\n\t\t\t<\/rs-module-wrap>\n\t\t\t<!-- END REVOLUTION SLIDER -->\n[\/vc_column][\/vc_row][vc_row full_width=&#8221;stretch_row&#8221; disable_element=&#8221;yes&#8221; css=&#8221;.vc_custom_1660252219830{padding-top: 30px !important;padding-bottom: 60px !important;background-color: #f6f4f0 !important;}&#8221;][vc_column width=&#8221;1\/4&#8243;][vc_custom_heading text=&#8221;$120M&#8221; font_container=&#8221;tag:h6|font_size:70px|text_align:center|color:%23750218|line_height:80px&#8221; google_fonts=&#8221;font_family:Oswald%3A300%2Cregular%2C700|font_style:700%20bold%20regular%3A700%3Anormal&#8221; css_animation=&#8221;fadeInDown&#8221;][vc_column_text]\n<h5 style=\"text-align: center;\">AUM total (USD)<\/h5>\n[\/vc_column_text][\/vc_column][vc_column width=&#8221;1\/4&#8243;][vc_custom_heading text=&#8221;11&#8243; font_container=&#8221;tag:h6|font_size:70px|text_align:center|color:%23750218|line_height:80px&#8221; google_fonts=&#8221;font_family:Oswald%3A300%2Cregular%2C700|font_style:700%20bold%20regular%3A700%3Anormal&#8221; css_animation=&#8221;fadeInDown&#8221;][vc_column_text]\n<h5 style=\"text-align: center;\">Industrias<\/h5>\n[\/vc_column_text][\/vc_column][vc_column width=&#8221;1\/4&#8243;][vc_custom_heading text=&#8221;7&#8243; font_container=&#8221;tag:h6|font_size:70px|text_align:center|color:%23750218|line_height:80px&#8221; google_fonts=&#8221;font_family:Oswald%3A300%2Cregular%2C700|font_style:700%20bold%20regular%3A700%3Anormal&#8221; css_animation=&#8221;fadeInDown&#8221;][vc_column_text]\n<h5 style=\"text-align: center;\">Territorios<\/h5>\n[\/vc_column_text][\/vc_column][vc_column width=&#8221;1\/4&#8243;][vc_custom_heading text=&#8221;33&#8243; font_container=&#8221;tag:h6|font_size:70px|text_align:center|color:%23750218|line_height:80px&#8221; google_fonts=&#8221;font_family:Oswald%3A300%2Cregular%2C700|font_style:700%20bold%20regular%3A700%3Anormal&#8221; css_animation=&#8221;fadeInDown&#8221;][vc_column_text]\n<h5 style=\"text-align: center;\">Inversiones<\/h5>\n[\/vc_column_text][\/vc_column][\/vc_row][vc_row css=&#8221;.vc_custom_1741369195357{padding-top: 100px !important;}&#8221;][vc_column width=&#8221;1\/12&#8243;][\/vc_column][vc_column width=&#8221;10\/12&#8243;][wgl_double_headings align=&#8221;center&#8221; title_size=&#8221;50px&#8221; title_line_height=&#8221;60px&#8221; title_weight=&#8221;500&#8243; title_color=&#8221;#272226&#8243; subtitle_size=&#8221;18px&#8221; subtitle_line_height=&#8221;18px&#8221; subtitle_color=&#8221;#750218&#8243; title=&#8221;Soluciones alternativas de financiaci\u00f3n&#8221; subtitle=&#8221;Nuestros servicios&#8221;][wgl_spacing spacer_size=&#8221;30px&#8221;][wgl_custom_text font_size=&#8221;18&#8243;]\n<p style=\"text-align: center;\">Sygnus Capital PR, LLC ofrece una amplia gama de soluciones de financiaci\u00f3n alternativas dise\u00f1adas para proporcionar a las empresas accesibilidad al capital. Nos comprometemos a proporcionar soluciones de financiaci\u00f3n innovadoras, centr\u00e1ndonos en la creatividad y la flexibilidad para eliminar barreras y facilitar el acceso a la financiaci\u00f3n.<\/p>\n[\/wgl_custom_text][\/vc_column][vc_column width=&#8221;1\/12&#8243;][\/vc_column][\/vc_row][vc_row css=&#8221;.vc_custom_1658178719644{margin-top: 50px !important;margin-bottom: 70px !important;}&#8221;][vc_column width=&#8221;1\/3&#8243;][wgl_flip_box front_bg_style=&#8221;front_image&#8221; add_back_logo_image=&#8221;&#8221; read_more_text=&#8221;Aprende m\u00e1s&#8221; button_icon_fontawesome=&#8221;fas fa-angle-right&#8221; button_icon_position=&#8221;right&#8221; add_read_more=&#8221;true&#8221; front_title=&#8221;Soluciones financieras personalizadas para las PYMES&#8221; front_bg_image=&#8221;7438&#8243; link=&#8221;url:https%3A%2F%2Fsygnusgroup.com%2Fpr%2Fprivate-credit-sme-financing%2F&#8221; add_icon_button=&#8221;true&#8221;][wgl_spacing spacer_size=&#8221;30px&#8221;][\/vc_column][vc_column width=&#8221;1\/3&#8243;][wgl_flip_box front_bg_style=&#8221;front_image&#8221; add_back_logo_image=&#8221;&#8221; read_more_text=&#8221;Aprende m\u00e1s&#8221; button_icon_fontawesome=&#8221;fas fa-angle-right&#8221; button_icon_position=&#8221;right&#8221; add_read_more=&#8221;true&#8221; add_icon_button=&#8221;true&#8221; front_title=&#8221;Servicios de asesor\u00eda&#8221; front_bg_image=&#8221;7442&#8243; link=&#8221;url:https%3A%2F%2Fsygnusgroup.com%2Fpr%2Fadvisory-services%2F&#8221;][wgl_spacing spacer_size=&#8221;30px&#8221;][\/vc_column][vc_column width=&#8221;1\/3&#8243;][wgl_flip_box front_bg_style=&#8221;front_image&#8221; add_back_logo_image=&#8221;&#8221; read_more_text=&#8221;Aprende m\u00e1s&#8221; button_icon_fontawesome=&#8221;fas fa-angle-right&#8221; button_icon_position=&#8221;right&#8221; add_read_more=&#8221;true&#8221; add_icon_button=&#8221;true&#8221; front_title=&#8221;Inversi\u00f3n de impacto&#8221; front_bg_image=&#8221;7444&#8243; link=&#8221;url:https%3A%2F%2Fsygnusgroup.com%2Fpr%2Fimpact-investing%2F&#8221;][\/vc_column][\/vc_row]\n<\/div>","protected":false},"excerpt":{"rendered":"<p>[vc_row][vc_column][\/vc_column][\/vc_row][vc_row full_width=&#8221;stretch_row&#8221; disable_element=&#8221;yes&#8221; css=&#8221;.vc_custom_1660252219830{padding-top: 30px !important;padding-bottom: 60px !important;background-color: #f6f4f0 !important;}&#8221;][vc_column width=&#8221;1\/4&#8243;][vc_custom_heading text=&#8221;$120M&#8221; font_container=&#8221;tag:h6|font_size:70px|text_align:center|color:%23750218|line_height:80px&#8221; google_fonts=&#8221;font_family:Oswald%3A300%2Cregular%2C700|font_style:700%20bold%20regular%3A700%3Anormal&#8221; css_animation=&#8221;fadeInDown&#8221;][vc_column_text] AUM total (USD) [\/vc_column_text][\/vc_column][vc_column width=&#8221;1\/4&#8243;][vc_custom_heading text=&#8221;11&#8243; font_container=&#8221;tag:h6|font_size:70px|text_align:center|color:%23750218|line_height:80px&#8221; google_fonts=&#8221;font_family:Oswald%3A300%2Cregular%2C700|font_style:700%20bold%20regular%3A700%3Anormal&#8221; css_animation=&#8221;fadeInDown&#8221;][vc_column_text] Industrias [\/vc_column_text][\/vc_column][vc_column width=&#8221;1\/4&#8243;][vc_custom_heading text=&#8221;7&#8243; font_container=&#8221;tag:h6|font_size:70px|text_align:center|color:%23750218|line_height:80px&#8221; google_fonts=&#8221;font_family:Oswald%3A300%2Cregular%2C700|font_style:700%20bold%20regular%3A700%3Anormal&#8221; css_animation=&#8221;fadeInDown&#8221;][vc_column_text] Territorios [\/vc_column_text][\/vc_column][vc_column width=&#8221;1\/4&#8243;][vc_custom_heading text=&#8221;33&#8243; font_container=&#8221;tag:h6|font_size:70px|text_align:center|color:%23750218|line_height:80px&#8221; google_fonts=&#8221;font_family:Oswald%3A300%2Cregular%2C700|font_style:700%20bold%20regular%3A700%3Anormal&#8221; css_animation=&#8221;fadeInDown&#8221;][vc_column_text] Inversiones [\/vc_column_text][\/vc_column][\/vc_row][vc_row css=&#8221;.vc_custom_1741369195357{padding-top: 100px !important;}&#8221;][vc_column width=&#8221;1\/12&#8243;][\/vc_column][vc_column width=&#8221;10\/12&#8243;][wgl_double_headings align=&#8221;center&#8221; title_size=&#8221;50px&#8221; title_line_height=&#8221;60px&#8221; title_weight=&#8221;500&#8243; title_color=&#8221;#272226&#8243; subtitle_size=&#8221;18px&#8221; subtitle_line_height=&#8221;18px&#8221; subtitle_color=&#8221;#750218&#8243; title=&#8221;Soluciones alternativas [&hellip;]<\/p>\n","protected":false},"author":1,"featured_media":0,"parent":6543,"menu_order":0,"comment_status":"closed","ping_status":"closed","template":"","meta":{"footnotes":""},"class_list":["post-6855","page","type-page","status-publish","hentry"],"aioseo_notices":[],"_links":{"self":[{"href":"https:\/\/sygnusgroup.com\/es\/wp-json\/wp\/v2\/pages\/6855","targetHints":{"allow":["GET"]}}],"collection":[{"href":"https:\/\/sygnusgroup.com\/es\/wp-json\/wp\/v2\/pages"}],"about":[{"href":"https:\/\/sygnusgroup.com\/es\/wp-json\/wp\/v2\/types\/page"}],"author":[{"embeddable":true,"href":"https:\/\/sygnusgroup.com\/es\/wp-json\/wp\/v2\/users\/1"}],"replies":[{"embeddable":true,"href":"https:\/\/sygnusgroup.com\/es\/wp-json\/wp\/v2\/comments?post=6855"}],"version-history":[{"count":16,"href":"https:\/\/sygnusgroup.com\/es\/wp-json\/wp\/v2\/pages\/6855\/revisions"}],"predecessor-version":[{"id":7446,"href":"https:\/\/sygnusgroup.com\/es\/wp-json\/wp\/v2\/pages\/6855\/revisions\/7446"}],"up":[{"embeddable":true,"href":"https:\/\/sygnusgroup.com\/es\/wp-json\/wp\/v2\/pages\/6543"}],"wp:attachment":[{"href":"https:\/\/sygnusgroup.com\/es\/wp-json\/wp\/v2\/media?parent=6855"}],"curies":[{"name":"wp","href":"https:\/\/api.w.org\/{rel}","templated":true}]}}