{"id":7196,"date":"2025-03-07T07:15:25","date_gmt":"2025-03-07T12:15:25","guid":{"rendered":"https:\/\/sygnus2.isavailable.online\/sygnus-capital-puerto-rico\/fondo-de-credito-privado\/"},"modified":"2025-05-20T22:52:38","modified_gmt":"2025-05-21T03:52:38","slug":"fondo-de-credito-privado","status":"publish","type":"page","link":"https:\/\/sygnusgroup.com\/es\/sygnus-capital-puerto-rico\/fondo-de-credito-privado\/","title":{"rendered":"Fondo de cr\u00e9dito privado"},"content":{"rendered":"<div class=\"wpb-content-wrapper\">[vc_section disable_element=&#8221;yes&#8221;][vc_row css=&#8221;.vc_custom_1737403276215{padding-bottom: 100px !important;}&#8221;][vc_column width=&#8221;1\/6&#8243;][\/vc_column][vc_column width=&#8221;2\/3&#8243;][wgl_double_headings align=&#8221;center&#8221; css_animation=&#8221;fadeIn&#8221; title_size=&#8221;50px&#8221; title_line_height=&#8221;60px&#8221; title_weight=&#8221;500&#8243; title_color=&#8221;#272226&#8243; subtitle_size=&#8221;18px&#8221; subtitle_line_height=&#8221;18px&#8221; subtitle_color=&#8221;#750218&#8243; title=&#8221;Alternative Investment Funds&#8221;][vc_column_text css=&#8221;.vc_custom_1737409869165{margin-top: 30px !important;}&#8221;]\n<p style=\"text-align: center;\">Sygnus Capital PR, LLC act\u00faa como socio general de un conjunto de fondos de inversi\u00f3n alternativos, gestion\u00e1ndolos para proporcionar a las empresas el capital que necesitan para crecer y a los inversores una ejecuci\u00f3n disciplinada e inversiones espec\u00edficas. Centrados en ofrecer rendimientos estables y ajustados al riesgo, nuestros fondos pretenden desempe\u00f1ar un papel fundamental en el impulso del crecimiento econ\u00f3mico en Puerto Rico y el Caribe, apoyando una cartera de inversiones actual que supera los 100 millones de d\u00f3lares.<\/p>\n[\/vc_column_text][\/vc_column][vc_column width=&#8221;1\/6&#8243;][\/vc_column][\/vc_row][vc_row css=&#8221;.vc_custom_1737403276215{padding-bottom: 100px !important;}&#8221;][vc_column width=&#8221;1\/4&#8243;][wgl_double_headings css_animation=&#8221;fadeIn&#8221; title_size=&#8221;25px&#8221; title_line_height=&#8221;32px&#8221; title_weight=&#8221;500&#8243; title_color=&#8221;#272226&#8243; subtitle_size=&#8221;18px&#8221; subtitle_line_height=&#8221;18px&#8221; subtitle_color=&#8221;#750218&#8243; title=&#8221;Fondo Sygnus Credit Investments Puerto Rico&#8221; subtitle=&#8221;1&#8243;][\/vc_column][vc_column width=&#8221;1\/4&#8243;][wgl_double_headings css_animation=&#8221;fadeIn&#8221; title_size=&#8221;25px&#8221; title_line_height=&#8221;32px&#8221; title_weight=&#8221;500&#8243; title_color=&#8221;#272226&#8243; subtitle_size=&#8221;18px&#8221; subtitle_line_height=&#8221;18px&#8221; subtitle_color=&#8221;#750218&#8243; title=&#8221;Fondo de Impacto Empresarial LIFT Puerto Rico&#8221; subtitle=&#8221;2&#8243;][\/vc_column][vc_column width=&#8221;1\/4&#8243;][wgl_double_headings css_animation=&#8221;fadeIn&#8221; title_size=&#8221;25px&#8221; title_line_height=&#8221;32px&#8221; title_weight=&#8221;500&#8243; title_color=&#8221;#272226&#8243; subtitle_size=&#8221;18px&#8221; subtitle_line_height=&#8221;18px&#8221; subtitle_color=&#8221;#750218&#8243; title=&#8221;LIFT II Fondo Empresarial de Puerto Rico&#8221; subtitle=&#8221;3&#8243;][\/vc_column][vc_column width=&#8221;1\/4&#8243;][wgl_double_headings css_animation=&#8221;fadeIn&#8221; title_size=&#8221;25px&#8221; title_line_height=&#8221;32px&#8221; title_weight=&#8221;500&#8243; title_color=&#8221;#272226&#8243; subtitle_size=&#8221;18px&#8221; subtitle_line_height=&#8221;18px&#8221; subtitle_color=&#8221;#750218&#8243; title=&#8221;Fondo Acrecent Finance Partner&#8221; subtitle=&#8221;4&#8243;][\/vc_column][\/vc_row][\/vc_section][vc_section full_width=&#8221;stretch_row&#8221; css=&#8221;.vc_custom_1745790321713{padding-bottom: 100px !important;}&#8221;][vc_row gap=&#8221;35&#8243; equal_height=&#8221;yes&#8221; css=&#8221;.vc_custom_1741349632421{padding-bottom: 50px !important;}&#8221;][vc_column width=&#8221;1\/2&#8243;][wgl_double_headings css_animation=&#8221;fadeIn&#8221; title_size=&#8221;50px&#8221; title_line_height=&#8221;60px&#8221; title_weight=&#8221;500&#8243; title_color=&#8221;#272226&#8243; subtitle_size=&#8221;18px&#8221; subtitle_line_height=&#8221;18px&#8221; subtitle_color=&#8221;#750218&#8243; title=&#8221;Fondo Sygnus Credit Investments Puerto Rico Fund&#8221; subtitle=&#8221;Fondo de cr\u00e9dito privado&#8221;][vc_column_text css=&#8221;&#8221; el_class=&#8221;syg-paragraph&#8221;]El fondo Sygnus Credit Investments Puerto Rico Fund (\u201cSCIPRF\u201d) permite a los inversionistas acceder al subdesarrollado mercado de cr\u00e9dito privado de Puerto Rico, ofreciendo exposici\u00f3n a pr\u00e9stamos senior garantizados de alta calidad.<\/p>\n<p>Este fondo se dirige a oportunidades locales en Puerto Rico que&nbsp;tengan un impacto social y medioambiental positivo, alineado con los objetivos de desarrollo sostenible de las Naciones Unidas. Nuestro objetivo es generar oportunidades econ\u00f3micas acelerando el sector de capital de Cr\u00e9dito Privado no desarrollado de Puerto Rico y reduciendo las disparidades de acceso al capital.[\/vc_column_text][vc_empty_space height=&#8221;15px&#8221;][vc_empty_space height=&#8221;30px&#8221;][\/vc_column][vc_column width=&#8221;1\/2&#8243; col_pos_horizont=&#8221;50&#8243; col_pos_vertical=&#8221;50&#8243; css=&#8221;.vc_custom_1747799536561{background-image: url(https:\/\/sygnusgroup.com\/wp-content\/uploads\/2025\/05\/Private-Credit-Fund.jpg?id=7298) !important;background-position: center !important;background-repeat: no-repeat !important;background-size: cover !important;}&#8221;][vc_single_image image=&#8221;7309&#8243; img_size=&#8221;full&#8221; alignment=&#8221;center&#8221; css=&#8221;&#8221; el_class=&#8221;invisible&#8221;][\/vc_column][\/vc_row][vc_row gap=&#8221;35&#8243;][vc_column][vc_column_text css=&#8221;.vc_custom_1737489741457{margin-top: 30px !important;}&#8221; el_class=&#8221;disclaimer&#8221;]<span style=\"color: #808080;\">Descargo de responsabilidad:<\/span><\/p>\n<p><span style=\"color: #808080;\">Esto no es una oferta. Sygnus Capital Puerto Rico, LLC ofrece estos fondos exclusivamente a inversionistas acreditados. Cualquier inversi\u00f3n potencial [y acceso] est\u00e1 sujeta a la recepci\u00f3n y revisi\u00f3n de los documentos de oferta, que describen los riesgos espec\u00edficos y los t\u00e9rminos asociados con las oportunidades de inversi\u00f3n. <\/span>[\/vc_column_text][\/vc_column][\/vc_row][\/vc_section][vc_section full_width=&#8221;stretch_row&#8221; css=&#8221;.vc_custom_1745787176462{padding-top: 100px !important;padding-bottom: 100px !important;background-color: #F6F4F0 !important;}&#8221;][vc_row css=&#8221;.vc_custom_1744927395047{padding-bottom: 50px !important;}&#8221;][vc_column][wgl_double_headings align=&#8221;center&#8221; css_animation=&#8221;fadeInDown&#8221; title_size=&#8221;44px&#8221; title_line_height=&#8221;50px&#8221; title_weight=&#8221;500&#8243; title_color=&#8221;#272226&#8243; subtitle_size=&#8221;18px&#8221; subtitle_line_height=&#8221;18px&#8221; subtitle_color=&#8221;#750218&#8243; title=&#8221;Gestionado por Sygnus Capital PR LLC, este fondo ofrece un enfoque diversificado dirigido a sectores como:&#8221; subtitle=&#8221;Sectores objetivo&#8221;][\/vc_column][\/vc_row][vc_row equal_height=&#8221;yes&#8221;][vc_column width=&#8221;1\/2&#8243; col_pos_horizont=&#8221;&#8221; col_pos_vertical=&#8221;&#8221;][vc_raw_html css=&#8221;.vc_custom_1747677477052{padding-bottom: 30px !important;}&#8221;]JTNDZGl2JTIwY2xhc3MlM0QlMjJzeWctaG92ZXItYm94LWNvbnRhaW5lciUyMiUzRSUwQSUyMCUyMCUzQ2ltZyUyMHNyYyUzRCUyMmh0dHBzJTNBJTJGJTJGc3lnbnVzMi5pc2F2YWlsYWJsZS5vbmxpbmUlMkZ3cC1jb250ZW50JTJGdXBsb2FkcyUyRjIwMjUlMkYwNCUyRjAzX01hbnVmYWN0dWFfMTM2ODQyOTAxMy03Njh4NDMyLTEuanBnJTIyJTIwYWx0JTNEJTIyJTIyJTIwY2xhc3MlM0QlMjJzeWctaG92ZXItYm94LWltYWdlJTIyJTNFJTBBJTIwJTIwJTNDZGl2JTIwY2xhc3MlM0QlMjJzeWctaG92ZXItYm94LW92ZXJsYXklMjIlM0UlM0MlMkZkaXYlM0UlMEElMjAlMjAlM0NkaXYlMjBjbGFzcyUzRCUyMnN5Zy1ob3Zlci1ib3gtdGV4dCUyMiUzRU1hbnVmYWN0dXJhJTNDJTJGZGl2JTNFJTBBJTNDJTJGZGl2JTNF[\/vc_raw_html][\/vc_column][vc_column width=&#8221;1\/2&#8243;][vc_raw_html css=&#8221;.vc_custom_1747677502076{padding-bottom: 30px !important;}&#8221;]JTNDZGl2JTIwY2xhc3MlM0QlMjJzeWctaG92ZXItYm94LWNvbnRhaW5lciUyMiUzRSUwQSUyMCUyMCUzQ2ltZyUyMHNyYyUzRCUyMmh0dHBzJTNBJTJGJTJGc3lnbnVzMi5pc2F2YWlsYWJsZS5vbmxpbmUlMkZ3cC1jb250ZW50JTJGdXBsb2FkcyUyRjIwMjUlMkYwNCUyRmJsYWtlLXdoZWVsZXItekJIVTA4aGR6aFktdW5zcGxhc2guanBnJTIyJTIwYWx0JTNEJTIyJTIyJTIwY2xhc3MlM0QlMjJzeWctaG92ZXItYm94LWltYWdlJTIyJTNFJTBBJTIwJTIwJTNDZGl2JTIwY2xhc3MlM0QlMjJzeWctaG92ZXItYm94LW92ZXJsYXklMjIlM0UlM0MlMkZkaXYlM0UlMEElMjAlMjAlM0NkaXYlMjBjbGFzcyUzRCUyMnN5Zy1ob3Zlci1ib3gtdGV4dCUyMiUzRUJpZW5lcyUyMHJhJUMzJUFEY2VzJTNDJTJGZGl2JTNFJTBBJTNDJTJGZGl2JTNF[\/vc_raw_html][\/vc_column][\/vc_row][vc_row equal_height=&#8221;yes&#8221;][vc_column width=&#8221;1\/3&#8243; col_pos_horizont=&#8221;&#8221; col_pos_vertical=&#8221;&#8221;][vc_raw_html css=&#8221;.vc_custom_1745789406298{padding-bottom: 30px !important;}&#8221;]PGRpdiBjbGFzcz0ic3lnLWhvdmVyLWJveC1jb250YWluZXIiPgogIDxpbWcgc3JjPSJodHRwczovL3N5Z251czIuaXNhdmFpbGFibGUub25saW5lL3dwLWNvbnRlbnQvdXBsb2Fkcy8yMDI1LzA0LzA2X0VuZXJnaWFfMTE2Mjg2NjYzMS03Njh4NTI5LTEuanBnIiBhbHQ9IiIgY2xhc3M9InN5Zy1ob3Zlci1ib3gtaW1hZ2UiPgogIDxkaXYgY2xhc3M9InN5Zy1ob3Zlci1ib3gtb3ZlcmxheSI+PC9kaXY+CiAgPGRpdiBjbGFzcz0ic3lnLWhvdmVyLWJveC10ZXh0Ij5FbmVyZ8OtYTwvZGl2Pgo8L2Rpdj4=[\/vc_raw_html][\/vc_column][vc_column width=&#8221;1\/3&#8243;][vc_raw_html css=&#8221;.vc_custom_1747677518141{padding-bottom: 30px !important;}&#8221;]JTNDZGl2JTIwY2xhc3MlM0QlMjJzeWctaG92ZXItYm94LWNvbnRhaW5lciUyMiUzRSUwQSUyMCUyMCUzQ2ltZyUyMHNyYyUzRCUyMmh0dHBzJTNBJTJGJTJGc3lnbnVzMi5pc2F2YWlsYWJsZS5vbmxpbmUlMkZ3cC1jb250ZW50JTJGdXBsb2FkcyUyRjIwMjUlMkYwNCUyRjAxX1NhbHVkXzEwNzQxNjYxNTYtNzY4eDQzMi0xLmpwZyUyMiUyMGFsdCUzRCUyMiUyMiUyMGNsYXNzJTNEJTIyc3lnLWhvdmVyLWJveC1pbWFnZSUyMiUzRSUwQSUyMCUyMCUzQ2RpdiUyMGNsYXNzJTNEJTIyc3lnLWhvdmVyLWJveC1vdmVybGF5JTIyJTNFJTNDJTJGZGl2JTNFJTBBJTIwJTIwJTNDZGl2JTIwY2xhc3MlM0QlMjJzeWctaG92ZXItYm94LXRleHQlMjIlM0VTYWx1ZCUzQyUyRmRpdiUzRSUwQSUzQyUyRmRpdiUzRQ==[\/vc_raw_html][\/vc_column][vc_column width=&#8221;1\/3&#8243;][vc_raw_html css=&#8221;.vc_custom_1747677535587{padding-bottom: 30px !important;}&#8221;]JTNDZGl2JTIwY2xhc3MlM0QlMjJzeWctaG92ZXItYm94LWNvbnRhaW5lciUyMiUzRSUwQSUyMCUyMCUzQ2ltZyUyMHNyYyUzRCUyMmh0dHBzJTNBJTJGJTJGc3lnbnVzMi5pc2F2YWlsYWJsZS5vbmxpbmUlMkZ3cC1jb250ZW50JTJGdXBsb2FkcyUyRjIwMjUlMkYwNCUyRjA1X1RyYW5zcG9ydGFjaW9uXzExOTM3Mzk5NjAtNzY4eDUxMy0xLmpwZyUyMiUyMGFsdCUzRCUyMiUyMiUyMGNsYXNzJTNEJTIyc3lnLWhvdmVyLWJveC1pbWFnZSUyMiUzRSUwQSUyMCUyMCUzQ2RpdiUyMGNsYXNzJTNEJTIyc3lnLWhvdmVyLWJveC1vdmVybGF5JTIyJTNFJTNDJTJGZGl2JTNFJTBBJTIwJTIwJTNDZGl2JTIwY2xhc3MlM0QlMjJzeWctaG92ZXItYm94LXRleHQlMjIlM0VUcmFuc3BvcnRhY2klQzMlQjNuJTNDJTJGZGl2JTNFJTBBJTNDJTJGZGl2JTNF[\/vc_raw_html][\/vc_column][\/vc_row][vc_row equal_height=&#8221;yes&#8221;][vc_column width=&#8221;1\/2&#8243; col_pos_horizont=&#8221;&#8221; col_pos_vertical=&#8221;&#8221;][vc_raw_html css=&#8221;.vc_custom_1747677555651{padding-bottom: 30px !important;}&#8221;]JTNDZGl2JTIwY2xhc3MlM0QlMjJzeWctaG92ZXItYm94LWNvbnRhaW5lciUyMiUzRSUwQSUyMCUyMCUzQ2ltZyUyMHNyYyUzRCUyMmh0dHBzJTNBJTJGJTJGc3lnbnVzMi5pc2F2YWlsYWJsZS5vbmxpbmUlMkZ3cC1jb250ZW50JTJGdXBsb2FkcyUyRjIwMjUlMkYwNCUyRjA0X0hvdGVsZXJpYV8xMDgzODAwNTAwLTEtNzY4eDUxMi0xLmpwZyUyMiUyMGFsdCUzRCUyMiUyMiUyMGNsYXNzJTNEJTIyc3lnLWhvdmVyLWJveC1pbWFnZSUyMiUzRSUwQSUyMCUyMCUzQ2RpdiUyMGNsYXNzJTNEJTIyc3lnLWhvdmVyLWJveC1vdmVybGF5JTIyJTNFJTNDJTJGZGl2JTNFJTBBJTIwJTIwJTNDZGl2JTIwY2xhc3MlM0QlMjJzeWctaG92ZXItYm94LXRleHQlMjIlM0VIb3NwaXRhbGlkYWQlM0MlMkZkaXYlM0UlMEElM0MlMkZkaXYlM0U=[\/vc_raw_html][\/vc_column][vc_column width=&#8221;1\/2&#8243;][vc_raw_html css=&#8221;.vc_custom_1745789986225{padding-bottom: 30px !important;}&#8221;]PGRpdiBjbGFzcz0ic3lnLWhvdmVyLWJveC1jb250YWluZXIiPgogIDxpbWcgc3JjPSJodHRwczovL3N5Z251czIuaXNhdmFpbGFibGUub25saW5lL3dwLWNvbnRlbnQvdXBsb2Fkcy8yMDI1LzA0L3Njb3R0LWdyYWhhbS01Zk5tV2VqNHRBQS11bnNwbGFzaC5qcGciIGFsdD0iIiBjbGFzcz0ic3lnLWhvdmVyLWJveC1pbWFnZSI+CiAgPGRpdiBjbGFzcz0ic3lnLWhvdmVyLWJveC1vdmVybGF5Ij48L2Rpdj4KICA8ZGl2IGNsYXNzPSJzeWctaG92ZXItYm94LXRleHQiPlNlcnZpY2lvcyBmaW5hbmNpZXJvczwvZGl2Pgo8L2Rpdj4=[\/vc_raw_html][\/vc_column][\/vc_row][vc_row equal_height=&#8221;yes&#8221;][vc_column width=&#8221;1\/3&#8243; col_pos_horizont=&#8221;&#8221; col_pos_vertical=&#8221;&#8221;][vc_raw_html css=&#8221;.vc_custom_1745789708584{padding-bottom: 30px !important;}&#8221;]PGRpdiBjbGFzcz0ic3lnLWhvdmVyLWJveC1jb250YWluZXIiPgogIDxpbWcgc3JjPSJodHRwczovL3N5Z251czIuaXNhdmFpbGFibGUub25saW5lL3dwLWNvbnRlbnQvdXBsb2Fkcy8yMDI1LzA0LzEwX1JldGFpbF8xODE5OTY3NzItNzY4eDUxMi0xLmpwZyIgYWx0PSIiIGNsYXNzPSJzeWctaG92ZXItYm94LWltYWdlIj4KICA8ZGl2IGNsYXNzPSJzeWctaG92ZXItYm94LW92ZXJsYXkiPjwvZGl2PgogIDxkaXYgY2xhc3M9InN5Zy1ob3Zlci1ib3gtdGV4dCI+U2VydmljaW9zIGEgZW1wcmVzYXM8L2Rpdj4KPC9kaXY+[\/vc_raw_html][\/vc_column][vc_column width=&#8221;1\/3&#8243;][vc_raw_html css=&#8221;.vc_custom_1745789816902{padding-bottom: 30px !important;}&#8221;]PGRpdiBjbGFzcz0ic3lnLWhvdmVyLWJveC1jb250YWluZXIiPgogIDxpbWcgc3JjPSJodHRwczovL3N5Z251czIuaXNhdmFpbGFibGUub25saW5lL3dwLWNvbnRlbnQvdXBsb2Fkcy8yMDI1LzA0L2FsYmVydG8tcm9kcmlndWV6LWFDckE5Rm1UOFktdW5zcGxhc2guanBnIiBhbHQ9IiIgY2xhc3M9InN5Zy1ob3Zlci1ib3gtaW1hZ2UiPgogIDxkaXYgY2xhc3M9InN5Zy1ob3Zlci1ib3gtb3ZlcmxheSI+PC9kaXY+CiAgPGRpdiBjbGFzcz0ic3lnLWhvdmVyLWJveC10ZXh0Ij5BbG1hY2VuYW1pZW50bzwvZGl2Pgo8L2Rpdj4=[\/vc_raw_html][\/vc_column][vc_column width=&#8221;1\/3&#8243;][vc_raw_html css=&#8221;.vc_custom_1745789931700{padding-bottom: 30px !important;}&#8221;]PGRpdiBjbGFzcz0ic3lnLWhvdmVyLWJveC1jb250YWluZXIiPgogIDxpbWcgc3JjPSJodHRwczovL3N5Z251czIuaXNhdmFpbGFibGUub25saW5lL3dwLWNvbnRlbnQvdXBsb2Fkcy8yMDI1LzA0L21hcmNpbi1qb3p3aWFrLWtHb1BjbXBQVDdjLXVuc3BsYXNoLmpwZyIgYWx0PSIiIGNsYXNzPSJzeWctaG92ZXItYm94LWltYWdlIj4KICA8ZGl2IGNsYXNzPSJzeWctaG92ZXItYm94LW92ZXJsYXkiPjwvZGl2PgogIDxkaXYgY2xhc3M9InN5Zy1ob3Zlci1ib3gtdGV4dCI+RGlzdHJpYnVjacOzbjwvZGl2Pgo8L2Rpdj4=[\/vc_raw_html][\/vc_column][\/vc_row][\/vc_section][vc_section disable_element=&#8221;yes&#8221;][vc_row css=&#8221;.vc_custom_1737403531756{padding-top: 80px !important;padding-bottom: 80px !important;}&#8221;][vc_column width=&#8221;1\/12&#8243;][\/vc_column][vc_column width=&#8221;10\/12&#8243;][wgl_double_headings align=&#8221;center&#8221; css_animation=&#8221;fadeIn&#8221; title_size=&#8221;50px&#8221; title_line_height=&#8221;60px&#8221; title_weight=&#8221;500&#8243; title_color=&#8221;#272226&#8243; subtitle_size=&#8221;18px&#8221; subtitle_line_height=&#8221;18px&#8221; subtitle_color=&#8221;#750218&#8243; title=&#8221;Why Invest with Sygnus Capital Puerto Rico?&#8221;][vc_column_text css=&#8221;.vc_custom_1737488802657{margin-top: 30px !important;}&#8221;]\n<p style=\"text-align: center;\">Sygnus Capital PR es un asesor de inversiones registrado en la SEC&nbsp;con sede en Puerto Rico que se dedica a la b\u00fasqueda, evaluaci\u00f3n de riesgos, fijaci\u00f3n de precios, estructuraci\u00f3n, negociaci\u00f3n y cierre de oportunidades de inversi\u00f3n en&nbsp;, as\u00ed como a la gesti\u00f3n de fondos&nbsp;.<\/p>\n[\/vc_column_text][\/vc_column][vc_column width=&#8221;1\/12&#8243;][\/vc_column][\/vc_row][vc_row css=&#8221;.vc_custom_1740078022241{padding-bottom: 100px !important;}&#8221;][vc_column width=&#8221;1\/3&#8243;][wgl_info_box ib_type=&#8221;tile&#8221; shadow_style=&#8221;before_hover&#8221; icon_type=&#8221;none&#8221; add_shadow=&#8221;true&#8221; ib_title=&#8221;Proven Experience&#8221; ib_content=&#8221;A trusted credit investment platform with regional reach.&#8221;][\/vc_column][vc_column width=&#8221;1\/3&#8243;][wgl_info_box ib_type=&#8221;tile&#8221; shadow_style=&#8221;before_hover&#8221; icon_type=&#8221;none&#8221; add_shadow=&#8221;true&#8221; ib_title=&#8221;Seasoned Management&#8221; ib_content=&#8221;A Puerto Rico-based executive team with over 20 years of experience.&#8221;][\/vc_column][vc_column width=&#8221;1\/3&#8243;][wgl_info_box ib_type=&#8221;tile&#8221; shadow_style=&#8221;before_hover&#8221; icon_type=&#8221;none&#8221; add_shadow=&#8221;true&#8221; ib_title=&#8221;Disciplined Execution&#8221; ib_content=&#8221;A track record of disciplined investments and strong returns.&#8221;][\/vc_column][\/vc_row][\/vc_section][vc_section disable_element=&#8221;yes&#8221;][vc_row][vc_column][wgl_double_headings align=&#8221;center&#8221; title_size=&#8221;46px&#8221; title_line_height=&#8221;46px&#8221; title_weight=&#8221;700&#8243; title_color=&#8221;#272226&#8243; subtitle_size=&#8221;18px&#8221; subtitle_line_height=&#8221;18px&#8221; subtitle_color=&#8221;#750218&#8243; title=&#8221;Consejo de Administraci\u00f3n&#8221; subtitle=&#8221;Sygnus Capital Limited&#8221;][\/vc_column][\/vc_row][vc_row css=&#8221;.vc_custom_1737404304046{margin-top: 50px !important;}&#8221;][vc_column]\n\t\t<div  class=\"wgl_module_team team-col_3 acenter\">\n\t\t\t<div class=\"team-items_wrap clearfix\"  style=\"margin-right:-15px; margin-left:-15px;\">\n\t\t\t\t[wgl_carousel slide_to_show=\"3\" autoplay=\"\" autoplay_speed=\"3000\" use_pagination=\"\" pag_type=\"circle\" pag_offset=\"\" custom_pag_color=\"\" pag_color=\"#750218\" use_prev_next=\"true\" custom_buttons_color=\"\" buttons_color=\"#750218\" custom_resp=\"\" resp_medium=\"1025\" resp_medium_slides=\"\" resp_tablets=\"800\" resp_tablets_slides=\"\" resp_mobile=\"480\" resp_mobile_slides=\"\" infinite=\"\" slides_to_scroll=\"true\" ]<div class=\"team-item\" style=\"padding-right:15px; padding-left:15px;  padding-bottom:30px;\"><div class=\"team-item_content\"><div class=\"team-image\"><a href=\"https:\/\/sygnusgroup.com\/es\/teames\/james-connor\/\"><img decoding=\"async\" data-src=\"https:\/\/sygnusgroup.com\/wp-content\/uploads\/2025\/01\/Sygnus-PR-Team_James-Connor-740x780.jpg\" alt=\"\" src=\"data:image\/gif;base64,R0lGODlhAQABAAAAACH5BAEKAAEALAAAAAABAAEAAAICTAEAOw==\" class=\"lazyload\" style=\"--smush-placeholder-width: 740px; --smush-placeholder-aspect-ratio: 740\/780;\" \/><\/a><\/div><div class=\"team-item_info\"><div class=\"team-item_titles\"><h4 class=\"team-title\"><a href=\"https:\/\/sygnusgroup.com\/es\/teames\/james-connor\/\">James Connor<\/a><\/h4><div class=\"team-department\">Director Ejecutivo<\/div><\/div><\/div><\/div><\/div><div class=\"team-item\" style=\"padding-right:15px; padding-left:15px;  padding-bottom:30px;\"><div class=\"team-item_content\"><div class=\"team-image\"><a href=\"https:\/\/sygnusgroup.com\/es\/teames\/raul-cacho-perez\/\"><img decoding=\"async\" data-src=\"https:\/\/sygnusgroup.com\/wp-content\/uploads\/2025\/01\/Sygnus-PR-Team_Raul-Cacho-Perez-740x780.jpg\" alt=\"\" src=\"data:image\/gif;base64,R0lGODlhAQABAAAAACH5BAEKAAEALAAAAAABAAEAAAICTAEAOw==\" class=\"lazyload\" style=\"--smush-placeholder-width: 740px; --smush-placeholder-aspect-ratio: 740\/780;\" \/><\/a><\/div><div class=\"team-item_info\"><div class=\"team-item_titles\"><h4 class=\"team-title\"><a href=\"https:\/\/sygnusgroup.com\/es\/teames\/raul-cacho-perez\/\">Ra\u00fal Cacho P\u00e9rez<\/a><\/h4><div class=\"team-department\">Jefe de Inversiones en Cr\u00e9dito Privado<\/div><\/div><\/div><\/div><\/div><div class=\"team-item\" style=\"padding-right:15px; padding-left:15px;  padding-bottom:30px;\"><div class=\"team-item_content\"><div class=\"team-image\"><a href=\"https:\/\/sygnusgroup.com\/es\/teames\/pablo-penaloza-grajales\/\"><img decoding=\"async\" data-src=\"https:\/\/sygnusgroup.com\/wp-content\/uploads\/2025\/01\/Sygnus-PR-Team_Pablo-Penaloza-Grajales-740x780.jpg\" alt=\"\" src=\"data:image\/gif;base64,R0lGODlhAQABAAAAACH5BAEKAAEALAAAAAABAAEAAAICTAEAOw==\" class=\"lazyload\" style=\"--smush-placeholder-width: 740px; --smush-placeholder-aspect-ratio: 740\/780;\" \/><\/a><\/div><div class=\"team-item_info\"><div class=\"team-item_titles\"><h4 class=\"team-title\"><a href=\"https:\/\/sygnusgroup.com\/es\/teames\/pablo-penaloza-grajales\/\">Pablo Pe\u00f1aloza Grajales<\/a><\/h4><div class=\"team-department\">Director de Operaciones<\/div><\/div><\/div><\/div><\/div><div class=\"team-item\" style=\"padding-right:15px; padding-left:15px;  padding-bottom:30px;\"><div class=\"team-item_content\"><div class=\"team-image\"><a href=\"https:\/\/sygnusgroup.com\/es\/teames\/keishmarie-melendez-gonzalez\/\"><img decoding=\"async\" data-src=\"https:\/\/sygnusgroup.com\/wp-content\/uploads\/2025\/01\/Sygnus-PR-Team_Keishmarie-Melendez-740x780.jpg\" alt=\"\" src=\"data:image\/gif;base64,R0lGODlhAQABAAAAACH5BAEKAAEALAAAAAABAAEAAAICTAEAOw==\" class=\"lazyload\" style=\"--smush-placeholder-width: 740px; --smush-placeholder-aspect-ratio: 740\/780;\" \/><\/a><\/div><div class=\"team-item_info\"><div class=\"team-item_titles\"><h4 class=\"team-title\"><a href=\"https:\/\/sygnusgroup.com\/es\/teames\/keishmarie-melendez-gonzalez\/\">Keishmarie Melendez Gonz\u00e1lez<\/a><\/h4><div class=\"team-department\">Director de Gesti\u00f3n de Fondos<\/div><\/div><\/div><\/div><\/div><div class=\"team-item\" style=\"padding-right:15px; padding-left:15px;  padding-bottom:30px;\"><div class=\"team-item_content\"><div class=\"team-image\"><a href=\"https:\/\/sygnusgroup.com\/es\/teames\/jesus-daniel-mattei\/\"><img decoding=\"async\" data-src=\"https:\/\/sygnusgroup.com\/wp-content\/uploads\/2025\/01\/Sygnus-PR-Team_Jesus-Daniel-Mattei-740x780.jpg\" alt=\"\" src=\"data:image\/gif;base64,R0lGODlhAQABAAAAACH5BAEKAAEALAAAAAABAAEAAAICTAEAOw==\" class=\"lazyload\" style=\"--smush-placeholder-width: 740px; --smush-placeholder-aspect-ratio: 740\/780;\" \/><\/a><\/div><div class=\"team-item_info\"><div class=\"team-item_titles\"><h4 class=\"team-title\"><a href=\"https:\/\/sygnusgroup.com\/es\/teames\/jesus-daniel-mattei\/\">Jes\u00fas Daniel Mattei<\/a><\/h4><div class=\"team-department\">Vicepresidente<\/div><\/div><\/div><\/div><\/div>[\/wgl_carousel]\t\t\t<\/div>\n\t\t<\/div>\n\n\t\t[vc_raw_js]JTNDc2NyaXB0JTNFJTIwJTBBalF1ZXJ5JTI4JTIyLnRlYW0taXRlbXNfd3JhcCUyMC50ZWFtLWl0ZW0lM0FudGgtY2hpbGQlMjgyJTI5JTIwLnRlYW0tZGVwYXJ0bWVudCUyMiUyOS5hcHBlbmQlMjglMjIlM0NiciUzRUNoaWVmJTIwT3BlcmF0aW5nJTIwT2ZmaWNlciUyMiUyOSUzQiUwQWpRdWVyeSUyOCUyMi50ZWFtLWl0ZW1zX3dyYXAlMjAudGVhbS1pdGVtJTNBbnRoLWNoaWxkJTI4MyUyOSUyMC50ZWFtLWRlcGFydG1lbnQlMjIlMjkuYXBwZW5kJTI4JTIyJTNDYnIlM0VDaGllZiUyMEludmVzdG1lbnQlMjBPZmZpY2VyJTIyJTI5JTNCJTBBJTNDJTJGc2NyaXB0JTNF[\/vc_raw_js][\/vc_column][\/vc_row][\/vc_section]\n<\/div>","protected":false},"excerpt":{"rendered":"<p>[vc_section disable_element=&#8221;yes&#8221;][vc_row css=&#8221;.vc_custom_1737403276215{padding-bottom: 100px !important;}&#8221;][vc_column width=&#8221;1\/6&#8243;][\/vc_column][vc_column width=&#8221;2\/3&#8243;][wgl_double_headings align=&#8221;center&#8221; css_animation=&#8221;fadeIn&#8221; title_size=&#8221;50px&#8221; title_line_height=&#8221;60px&#8221; title_weight=&#8221;500&#8243; title_color=&#8221;#272226&#8243; subtitle_size=&#8221;18px&#8221; subtitle_line_height=&#8221;18px&#8221; subtitle_color=&#8221;#750218&#8243; title=&#8221;Alternative Investment Funds&#8221;][vc_column_text css=&#8221;.vc_custom_1737409869165{margin-top: 30px !important;}&#8221;] Sygnus Capital PR, LLC act\u00faa como socio general de un conjunto de fondos de inversi\u00f3n alternativos, gestion\u00e1ndolos para proporcionar a las empresas el capital que necesitan para crecer y a los inversores una [&hellip;]<\/p>\n","protected":false},"author":3,"featured_media":0,"parent":6543,"menu_order":0,"comment_status":"closed","ping_status":"closed","template":"","meta":{"footnotes":""},"class_list":["post-7196","page","type-page","status-publish","hentry"],"aioseo_notices":[],"_links":{"self":[{"href":"https:\/\/sygnusgroup.com\/es\/wp-json\/wp\/v2\/pages\/7196","targetHints":{"allow":["GET"]}}],"collection":[{"href":"https:\/\/sygnusgroup.com\/es\/wp-json\/wp\/v2\/pages"}],"about":[{"href":"https:\/\/sygnusgroup.com\/es\/wp-json\/wp\/v2\/types\/page"}],"author":[{"embeddable":true,"href":"https:\/\/sygnusgroup.com\/es\/wp-json\/wp\/v2\/users\/3"}],"replies":[{"embeddable":true,"href":"https:\/\/sygnusgroup.com\/es\/wp-json\/wp\/v2\/comments?post=7196"}],"version-history":[{"count":5,"href":"https:\/\/sygnusgroup.com\/es\/wp-json\/wp\/v2\/pages\/7196\/revisions"}],"predecessor-version":[{"id":7425,"href":"https:\/\/sygnusgroup.com\/es\/wp-json\/wp\/v2\/pages\/7196\/revisions\/7425"}],"up":[{"embeddable":true,"href":"https:\/\/sygnusgroup.com\/es\/wp-json\/wp\/v2\/pages\/6543"}],"wp:attachment":[{"href":"https:\/\/sygnusgroup.com\/es\/wp-json\/wp\/v2\/media?parent=7196"}],"curies":[{"name":"wp","href":"https:\/\/api.w.org\/{rel}","templated":true}]}}