{"id":7206,"date":"2025-04-29T15:36:49","date_gmt":"2025-04-29T20:36:49","guid":{"rendered":"https:\/\/sygnus2.isavailable.online\/sygnus-capital-puerto-rico\/condiciones-de-uso\/"},"modified":"2025-04-30T15:43:52","modified_gmt":"2025-04-30T20:43:52","slug":"condiciones-de-uso","status":"publish","type":"page","link":"https:\/\/sygnusgroup.com\/es\/sygnus-capital-puerto-rico\/condiciones-de-uso\/","title":{"rendered":"Condiciones de uso"},"content":{"rendered":"\n<p><strong>Fecha de entrada en vigor:<\/strong> 22 de abril de 2025<\/p>\n\n<ol class=\"wp-block-list\">\n<li><strong>Aceptaci\u00f3n de las condiciones<\/strong><\/li>\n<\/ol>\n\n<ol class=\"wp-block-list\">\n<li>Estos T\u00e9rminos y Condiciones de Uso (&#8220;T\u00e9rminos&#8221;) constituyen un acuerdo legalmente vinculante entre usted y Sygnus Capital PR LLC y sus filiales o subsidiarias (colectivamente, &#8220;Sygnus&#8221;) que rigen su acceso y uso del sitio web <a href=\"https:\/\/sygnusgroup.com\/es\/sygnus-capital-puerto-rico\/\" data-type=\"page\" data-id=\"5209\">https:\/\/sygnusgroup.com\/pr\/<\/a> y todos los servicios, caracter\u00edsticas, contenido y funcionalidad disponible a trav\u00e9s del sitio (el &#8220;Sitio&#8221;).<\/li>\n<\/ol>\n\n<ol start=\"2\" class=\"wp-block-list\">\n<li>Al acceder o utilizar el Sitio, usted afirma que ha le\u00eddo, entendido y acordado cumplir con estos T\u00e9rminos, as\u00ed como con la Pol\u00edtica de Privacidad de Sygnus, la cual se incorpora expresamente al presente por referencia. Si no acepta estas Condiciones en su totalidad, no debe acceder ni utilizar el Sitio. <\/li>\n<\/ol>\n\n<ol start=\"3\" class=\"wp-block-list\">\n<li>Estas Condiciones se aplican a todos los usuarios del Sitio, incluidos, entre otros, visitantes, clientes, inversores y otras personas que accedan o utilicen el Sitio en cualquier calidad, ya sea individualmente o en nombre de una entidad comercial. Al utilizar este Sitio, usted declara y garantiza que tiene la autoridad legal y la capacidad para suscribir y quedar vinculado por estas Condiciones en su nombre o en nombre de la entidad a la que representa. <\/li>\n<\/ol>\n\n<ol start=\"4\" class=\"wp-block-list\">\n<li>Usted es el \u00fanico responsable de determinar si el uso que hace de este Sitio es legal en la jurisdicci\u00f3n desde la que accede al mismo, incluido, a t\u00edtulo meramente enunciativo y no limitativo, el cumplimiento de las leyes aplicables en materia de privacidad de datos, valores y protecci\u00f3n del consumidor en Puerto Rico. Usted acepta que el uso que haga del Sitio ser\u00e1 bajo su propio riesgo, y adem\u00e1s acepta eximir a Sygnus de cualquier responsabilidad que resulte de su incumplimiento de los requisitos legales locales. <\/li>\n<\/ol>\n\n<ol start=\"5\" class=\"wp-block-list\">\n<li>Sygnus recomienda a todos los usuarios que consulten con profesionales jur\u00eddicos, financieros o fiscales cualificados antes de actuar sobre la base de cualquier informaci\u00f3n obtenida en el Sitio, en particular cuando se trate de inversiones, transacciones transfronterizas o reglamentos espec\u00edficos de una jurisdicci\u00f3n.<\/li>\n<\/ol>\n\n<ol start=\"2\" class=\"wp-block-list\">\n<li><strong>Uso del sitio web<\/strong><\/li>\n<\/ol>\n\n<ol class=\"wp-block-list\">\n<li>Este Sitio y toda la informaci\u00f3n, material, datos, herramientas y servicios contenidos en el mismo (&#8220;Contenido del Sitio&#8221;) se proporcionan \u00fanicamente con fines informativos generales. Nada en el Sitio se interpretar\u00e1 como una oferta o solicitud para vender o comprar valores, instrumentos financieros o servicios de asesor\u00eda por parte de Sygnus o sus afiliados, especialmente cuando dicha oferta o solicitud sea ilegal bajo las leyes de Puerto Rico. <\/li>\n<\/ol>\n\n<ol start=\"2\" class=\"wp-block-list\">\n<li>Todos los productos y servicios ofrecidos por Sygnus est\u00e1n sujetos a las leyes, reglamentos y requisitos de licencia aplicables en las jurisdicciones en las que dichos productos o servicios est\u00e1n disponibles. Ning\u00fan Contenido del Sitio podr\u00e1 interpretarse como asesoramiento personalizado en materia de inversi\u00f3n, legal, fiscal o contable, ni sustituye la consulta con profesionales cualificados. Usted reconoce y acepta que la confianza que deposite en el Contenido del Sitio corre por su cuenta y riesgo.  <\/li>\n<\/ol>\n\n<ol start=\"3\" class=\"wp-block-list\">\n<li>Usted es el \u00fanico responsable de evaluar la idoneidad y los riesgos de cualquier informaci\u00f3n facilitada en el Sitio en el contexto de su situaci\u00f3n financiera y sus objetivos. Las rentabilidades pasadas no son indicativas de resultados futuros. Todas las inversiones conllevan riesgos inherentes, incluidos, entre otros, la volatilidad del mercado y la posible p\u00e9rdida de capital.  <\/li>\n<\/ol>\n\n<ol start=\"4\" class=\"wp-block-list\">\n<li>Sygnus no garantiza la exactitud, oportunidad, integridad o fiabilidad del Contenido del Sitio y no acepta responsabilidad alguna por cualesquiera errores u omisiones en el mismo. El Sitio y su contenido se proporcionan &#8220;tal cual&#8221; y &#8220;seg\u00fan disponibilidad&#8221;, sin declaraciones ni garant\u00edas de ning\u00fan tipo. Sygnus se reserva el derecho de modificar, actualizar, suspender o cancelar cualquier parte del Sitio en cualquier momento y sin previo aviso.  <\/li>\n<\/ol>\n\n<ol start=\"5\" class=\"wp-block-list\">\n<li>El uso que usted haga de este Sitio debe cumplir todas las leyes, normas y reglamentos locales, nacionales e internacionales aplicables, incluidos, entre otros, los que aplica la Oficina del Comisionado de Instituciones Financieras (OCIF) de Puerto Rico. Cualquier uso no autorizado o ilegal de este Sitio puede resultar en responsabilidad penal o civil bajo las leyes aplicables de esas jurisdicciones. <\/li>\n<\/ol>\n\n<ol start=\"6\" class=\"wp-block-list\">\n<li>Usted se compromete a no utilizar el Sitio para transmitir o difundir cualquier material que pueda infringir los derechos de terceros o que sea ilegal, difamatorio, amenazador, abusivo, obsceno, invasivo de la privacidad, o de otro modo objetable o prohibido por la ley. Sygnus se reserva el derecho de investigar y emprender las acciones legales pertinentes contra los usuarios que infrinjan estas disposiciones. <\/li>\n<\/ol>\n\n<ol start=\"3\" class=\"wp-block-list\">\n<li><strong>Informaci\u00f3n reglamentaria<\/strong><\/li>\n<\/ol>\n\n<ol class=\"wp-block-list\">\n<li>Sygnus est\u00e1 regulado por las autoridades competentes, incluyendo, pero no limitado a, la Oficina del Comisionado de Instituciones Financieras (OCIF) en Puerto Rico. El Sitio y su contenido pretenden cumplir con los marcos legales y regulatorios aplicables en esta jurisdicci\u00f3n. <\/li>\n<\/ol>\n\n<ol start=\"2\" class=\"wp-block-list\">\n<li>El acceso y uso del Sitio no establece ninguna relaci\u00f3n de asesor\u00eda, fiduciaria o de cliente entre usted y Sygnus, a menos que dicha relaci\u00f3n se evidencie mediante un acuerdo formal por escrito ejecutado por ambas partes. Ninguna parte del Sitio debe interpretarse como la prestaci\u00f3n de asesoramiento de inversi\u00f3n a medida o de cualquier servicio que requiera licencia cuando no se posean tales licencias. <\/li>\n<\/ol>\n\n<ol start=\"3\" class=\"wp-block-list\">\n<li>Los usuarios que accedan al Sitio desde fuera de Puerto Rico deber\u00e1n asegurarse del cumplimiento de las leyes y reglamentos locales aplicables. Las referencias a los servicios de Sygnus en el Sitio no implican que tales servicios est\u00e9n disponibles en todas las jurisdicciones o que Sygnus tenga permiso para operar en todos los lugares mencionados o accesibles a trav\u00e9s del Sitio. <\/li>\n<\/ol>\n\n<ol start=\"4\" class=\"wp-block-list\">\n<li>Nada en este sitio se considerar\u00e1 que anula o renuncia a cualquier divulgaci\u00f3n, presentaci\u00f3n o requisitos de registro exigidos por la ley. Sygnus se compromete a proporcionar total transparencia con respecto a su concesi\u00f3n de licencias y la situaci\u00f3n reglamentaria a petici\u00f3n y anima a los usuarios a realizar su debida diligencia antes de contratar cualquiera de sus servicios. <\/li>\n<\/ol>\n\n<ol start=\"4\" class=\"wp-block-list\">\n<li><strong>Uso autorizado, propiedad intelectual y restricciones<\/strong><\/li>\n<\/ol>\n\n<ol class=\"wp-block-list\">\n<li>Todo el contenido de este Sitio, incluyendo pero no limitado a marcas registradas, nombres comerciales, logotipos, marcas de servicio, texto, gr\u00e1ficos, im\u00e1genes, audio, video y software (&#8220;Contenido Propietario&#8221;), es propiedad exclusiva de Sygnus o de sus proveedores de contenido y est\u00e1 protegido bajo las leyes de propiedad intelectual de Puerto Rico, y convenciones internacionales.<\/li>\n<\/ol>\n\n<ol start=\"2\" class=\"wp-block-list\">\n<li>Se le concede una licencia limitada, revocable, no exclusiva e intransferible para acceder y utilizar el Sitio y su contenido \u00fanicamente con fines personales o informativos l\u00edcitos. Salvo que se permita expresamente lo contrario, usted no podr\u00e1 reproducir, publicar, modificar, copiar, cargar, enviar, transmitir, distribuir ni crear trabajos derivados de ninguna parte del Sitio sin el previo consentimiento por escrito de Sygnus. <\/li>\n<\/ol>\n\n<ol start=\"3\" class=\"wp-block-list\">\n<li>Usted se compromete a no eliminar ni alterar ning\u00fan aviso de copyright, marca comercial u otros derechos de propiedad de ning\u00fan material al que se acceda a trav\u00e9s del Sitio. El uso de cualquier parte del Sitio con fines comerciales sin autorizaci\u00f3n expresa constituye un incumplimiento de estas Condiciones y puede infringir la legislaci\u00f3n aplicable en materia de propiedad intelectual. <\/li>\n<\/ol>\n\n<ol start=\"4\" class=\"wp-block-list\">\n<li>Queda estrictamente prohibido el uso indebido del Sitio, incluso mediante la extracci\u00f3n de datos, la extracci\u00f3n automatizada, el enmarcado o la duplicaci\u00f3n sin consentimiento. Sygnus se reserva el derecho de ejercer todos los recursos legales disponibles por cualquier violaci\u00f3n de su propiedad intelectual o uso no autorizado del Sitio. <\/li>\n<\/ol>\n\n<ol start=\"5\" class=\"wp-block-list\">\n<li><strong>Servicios ofrecidos por Sygnus<\/strong><\/li>\n<\/ol>\n\n<ol class=\"wp-block-list\">\n<li>Sygnus ofrece una gama de servicios financieros y soluciones de inversi\u00f3n adaptadas a clientes particulares, institucionales y corporativos, con sujeci\u00f3n a la normativa aplicable en los territorios en los que opera. Estos servicios pueden incluir soluciones de cr\u00e9dito privado, gesti\u00f3n de activos, financiaci\u00f3n inmobiliaria, asesoramiento en materia de inversi\u00f3n y mercados de capitales. <\/li>\n<\/ol>\n\n<ol start=\"2\" class=\"wp-block-list\">\n<li>La descripci\u00f3n de los servicios en este Sitio no constituye una oferta vinculante, y la disponibilidad puede variar en funci\u00f3n de los requisitos legales locales. Algunos servicios s\u00f3lo pueden prestarse en virtud de acuerdos formales de contrataci\u00f3n y pueden estar sujetos a requisitos de elegibilidad o aprobaciones reglamentarias. <\/li>\n<\/ol>\n\n<ol start=\"3\" class=\"wp-block-list\">\n<li>Sygnus se reserva el derecho de modificar, suspender o retirar cualquier servicio que figure en el Sitio sin previo aviso. Se recomienda a los usuarios que se pongan en contacto directamente con Sygnus para obtener informaci\u00f3n detallada sobre el servicio y determinar si un servicio espec\u00edfico est\u00e1 disponible y es apropiado en funci\u00f3n de sus circunstancias y jurisdicci\u00f3n. <\/li>\n<\/ol>\n\n<ol start=\"6\" class=\"wp-block-list\">\n<li><strong>Cookies y tecnolog\u00edas de seguimiento<\/strong><\/li>\n<\/ol>\n\n<ol class=\"wp-block-list\">\n<li>Al utilizar el Sitio, usted acepta la colocaci\u00f3n y el uso de cookies de acuerdo con nuestra Pol\u00edtica de Privacidad. Los usuarios tienen la posibilidad de gestionar las preferencias de cookies a trav\u00e9s de la configuraci\u00f3n del navegador y pueden optar por no utilizar determinadas tecnolog\u00edas de seguimiento. Tenga en cuenta, no obstante, que desactivar las cookies puede afectar a la funcionalidad del Sitio.  <\/li>\n<\/ol>\n\n<ol start=\"2\" class=\"wp-block-list\">\n<li>Sygnus se adhiere a las leyes de privacidad de datos en todas las jurisdicciones en las que opera, incluyendo la legislaci\u00f3n pertinente de Puerto Rico. Todos los datos recogidos a trav\u00e9s de mecanismos de seguimiento se manejan de forma segura y confidencial. <\/li>\n<\/ol>\n\n<ol start=\"7\" class=\"wp-block-list\">\n<li><strong>Enlaces a sitios web de terceros<\/strong><\/li>\n<\/ol>\n\n<ol class=\"wp-block-list\">\n<li>Este Sitio puede contener enlaces a sitios web de terceros para su comodidad. Estos enlaces se proporcionan \u00fanicamente como un recurso y no implican el respaldo, aprobaci\u00f3n o control por parte de Sygnus. No nos hacemos responsables del contenido, exactitud o seguridad de los sitios web externos y declinamos toda responsabilidad en relaci\u00f3n con el uso que usted haga de dichos sitios.  <\/li>\n<\/ol>\n\n<ol start=\"2\" class=\"wp-block-list\">\n<li>Usted reconoce que cuando abandona nuestro Sitio, su uso de sitios de terceros se rige por sus respectivas condiciones de uso y pol\u00edticas de privacidad. Sygnus recomienda revisar dichas pol\u00edticas antes de interactuar con cualquier plataforma externa. <\/li>\n<\/ol>\n\n<ol start=\"8\" class=\"wp-block-list\">\n<li><strong>Enlaces a Sygnus desde otros sitios web<\/strong>\n<ol class=\"wp-block-list\">\n<li>Ninguna persona o entidad podr\u00e1 establecer enlaces con este Sitio sin la autorizaci\u00f3n previa y por escrito de Sygnus. Queda terminantemente prohibido enlazar, enmarcar o incrustar contenidos de este Sitio sin autorizaci\u00f3n. <\/li>\n<\/ol>\n<\/li>\n<\/ol>\n\n<ol start=\"2\" class=\"wp-block-list\">\n<li>Las solicitudes para enlazar con este Sitio deben presentarse por escrito e incluir el nombre de la parte solicitante, la informaci\u00f3n de contacto y la naturaleza y el contexto del uso previsto. Sygnus se reserva el derecho de conceder o denegar las solicitudes de enlace a su discreci\u00f3n y puede revocar los privilegios de enlace en cualquier momento sin previo aviso. <\/li>\n<\/ol>\n\n<p>9. <strong>Indemnizaci\u00f3n<\/strong><\/p>\n\n<ol class=\"wp-block-list\">\n<li>Usted se compromete a defender, indemnizar y mantener indemne a Sygnus, sus afiliados, funcionarios, directores, empleados, agentes y licenciantes de y contra cualquier y todas las reclamaciones, acciones, responsabilidades, p\u00e9rdidas, da\u00f1os, juicios, costos y gastos (incluyendo honorarios legales) que surjan de su uso o mal uso del Sitio, incumplimiento de estos T\u00e9rminos, o infracci\u00f3n de cualquier propiedad intelectual u otros derechos.<\/li>\n<\/ol>\n\n<ol start=\"2\" class=\"wp-block-list\">\n<li>Esta obligaci\u00f3n de indemnizaci\u00f3n sobrevivir\u00e1 a la terminaci\u00f3n de su uso del Sitio y de cualquier servicio aplicable.<\/li>\n<\/ol>\n\n<ol start=\"10\" class=\"wp-block-list\">\n<li><strong>Modificaci\u00f3n de las condiciones<\/strong><\/li>\n<\/ol>\n\n<ol class=\"wp-block-list\">\n<li>Sygnus se reserva el derecho de modificar estos T\u00e9rminos en cualquier momento. Los cambios entrar\u00e1n en vigor inmediatamente despu\u00e9s de su publicaci\u00f3n en el Sitio. Su uso continuado del Sitio tras la publicaci\u00f3n de los T\u00e9rminos revisados constituye su aceptaci\u00f3n de dichos cambios.  <\/li>\n<\/ol>\n\n<ol start=\"2\" class=\"wp-block-list\">\n<li>Cuando se realicen modificaciones sustanciales, Sygnus podr\u00e1 notificarlas a los usuarios por los medios que considere oportunos, que podr\u00e1n incluir notificaciones por correo electr\u00f3nico o anuncios destacados en el Sitio.<\/li>\n<\/ol>\n\n<ol start=\"11\" class=\"wp-block-list\">\n<li><strong>Pol\u00edtica de privacidad<\/strong><\/li>\n<\/ol>\n\n<ol class=\"wp-block-list\">\n<li>Su uso del Sitio tambi\u00e9n se rige por la Pol\u00edtica de Privacidad de Sygnus, que describe c\u00f3mo se recopila, utiliza y protege su informaci\u00f3n personal de acuerdo con las leyes de privacidad de Puerto Rico y otras jurisdicciones pertinentes.<\/li>\n<\/ol>\n\n<ol start=\"2\" class=\"wp-block-list\">\n<li>Recomendamos a todos los usuarios que consulten nuestra Pol\u00edtica de privacidad, disponible en <a href=\"https:\/\/www.sygnusgroup.com\/privacy-policy\">www.sygnusgroup.com\/privacy-policy,<\/a> para obtener m\u00e1s informaci\u00f3n sobre c\u00f3mo tratamos los datos personales.<\/li>\n<\/ol>\n\n<ol start=\"12\" class=\"wp-block-list\">\n<li><strong>Ley aplicable y jurisdicci\u00f3n<\/strong><\/li>\n<\/ol>\n\n<ol class=\"wp-block-list\">\n<li>Estos T\u00e9rminos se regir\u00e1n e interpretar\u00e1n de conformidad con las leyes de Puerto Rico, sin tener en cuenta su conflicto de principios legales, con respecto a los usuarios y las transacciones originadas en Puerto Rico. Cualquier disputa, controversia o reclamaci\u00f3n que surja de o en relaci\u00f3n con estos T\u00e9rminos o el uso del Sitio por parte de residentes de Puerto Rico se someter\u00e1 exclusivamente a los tribunales de Puerto Rico, y cada parte por la presente se somete irrevocablemente a la jurisdicci\u00f3n exclusiva de dichos tribunales. <\/li>\n<\/ol>\n\n<ol start=\"2\" class=\"wp-block-list\">\n<li>Para los usuarios que accedan al Sitio desde Puerto Rico, estos T\u00e9rminos se regir\u00e1n e interpretar\u00e1n de conformidad con las leyes del Estado Libre Asociado de Puerto Rico. Cualquier disputa, controversia o reclamaci\u00f3n que surja de o en relaci\u00f3n con estos T\u00e9rminos o el uso del Sitio por residentes de Puerto Rico se someter\u00e1 exclusivamente a los tribunales de Puerto Rico, y cada parte se somete irrevocablemente a la jurisdicci\u00f3n exclusiva de dichos tribunales. <\/li>\n<\/ol>\n\n<ol start=\"13\" class=\"wp-block-list\">\n<li><strong>P\u00f3ngase en contacto con nosotros<\/strong><\/li>\n<\/ol>\n\n<ol class=\"wp-block-list\">\n<li>Para cualquier consulta relativa a estas Condiciones u otros asuntos relacionados con el Sitio, puede ponerse en contacto con:<\/li>\n<\/ol>\n\n<p><strong>Sygnus Capital PR LLC<\/strong><br\/>Metro Office Park, Valencia Edificio 17, Calle 2,  <\/p>\n\n<p>Suite 640, Guaynabo, PR<\/p>\n\n<p>Correo electr\u00f3nico: info@sygnusgroup.com<\/p>\n\n<ol start=\"2\" class=\"wp-block-list\">\n<li>Estas Condiciones, junto con la Pol\u00edtica de Privacidad y cualquier otro aviso legal publicado por Sygnus en el Sitio, constituyen el acuerdo completo entre usted y Sygnus en relaci\u00f3n con el uso del Sitio. Sustituyen a cualesquiera acuerdos, entendimientos o manifestaciones anteriores, ya sean verbales o escritos. <\/li>\n<\/ol>\n\n<p>En caso de que un tribunal competente declare inv\u00e1lida o inaplicable cualquier disposici\u00f3n de las presentes Condiciones, dicha disposici\u00f3n se modificar\u00e1 en la medida necesaria para hacerla aplicable o, si dicha modificaci\u00f3n no fuera posible, se eliminar\u00e1 de las presentes Condiciones. Las restantes disposiciones permanecer\u00e1n en pleno vigor y efecto. <\/p>\n\n<p><\/p>\n","protected":false},"excerpt":{"rendered":"<p>Fecha de entrada en vigor: 22 de abril de 2025 9. Indemnizaci\u00f3n Sygnus Capital PR LLCMetro Office Park, Valencia Edificio 17, Calle 2, Suite 640, Guaynabo, PR Correo electr\u00f3nico: info@sygnusgroup.com En caso de que un tribunal competente declare inv\u00e1lida o inaplicable cualquier disposici\u00f3n de las presentes Condiciones, dicha disposici\u00f3n se modificar\u00e1 en la medida necesaria [&hellip;]<\/p>\n","protected":false},"author":3,"featured_media":0,"parent":6543,"menu_order":0,"comment_status":"closed","ping_status":"closed","template":"","meta":{"footnotes":""},"class_list":["post-7206","page","type-page","status-publish","hentry"],"aioseo_notices":[],"_links":{"self":[{"href":"https:\/\/sygnusgroup.com\/es\/wp-json\/wp\/v2\/pages\/7206","targetHints":{"allow":["GET"]}}],"collection":[{"href":"https:\/\/sygnusgroup.com\/es\/wp-json\/wp\/v2\/pages"}],"about":[{"href":"https:\/\/sygnusgroup.com\/es\/wp-json\/wp\/v2\/types\/page"}],"author":[{"embeddable":true,"href":"https:\/\/sygnusgroup.com\/es\/wp-json\/wp\/v2\/users\/3"}],"replies":[{"embeddable":true,"href":"https:\/\/sygnusgroup.com\/es\/wp-json\/wp\/v2\/comments?post=7206"}],"version-history":[{"count":1,"href":"https:\/\/sygnusgroup.com\/es\/wp-json\/wp\/v2\/pages\/7206\/revisions"}],"predecessor-version":[{"id":7207,"href":"https:\/\/sygnusgroup.com\/es\/wp-json\/wp\/v2\/pages\/7206\/revisions\/7207"}],"up":[{"embeddable":true,"href":"https:\/\/sygnusgroup.com\/es\/wp-json\/wp\/v2\/pages\/6543"}],"wp:attachment":[{"href":"https:\/\/sygnusgroup.com\/es\/wp-json\/wp\/v2\/media?parent=7206"}],"curies":[{"name":"wp","href":"https:\/\/api.w.org\/{rel}","templated":true}]}}